{"id":284,"date":"2018-05-02T16:55:21","date_gmt":"2018-05-02T16:55:21","guid":{"rendered":"http:\/\/www.reduc.edu.cu\/cecee\/?page_id=284"},"modified":"2018-05-02T16:55:21","modified_gmt":"2018-05-02T16:55:21","slug":"que-hacemos","status":"publish","type":"page","link":"https:\/\/www.reduc.edu.cu\/cecee\/que-hacemos\/","title":{"rendered":"\u00bfQu\u00e9 hacemos?"},"content":{"rendered":"<ol>\n<li>Evaluar los procesos de la formaci\u00f3n profesional y de la gesti\u00f3n de la calidad, basados en la investigaci\u00f3n cient\u00edfica fundamentada en la dial\u00e9ctica materialista, conduciendo al redise\u00f1o de los planes de mejora.<\/li>\n<li>Sistematizar metodolog\u00edas y procedimientos nacionales e internacionales a fin de posesionar la gesti\u00f3n del centro de estudios de acuerdo a los est\u00e1ndares para la evaluaci\u00f3n de la calidad.<\/li>\n<li>Conformar una teor\u00eda de la evaluaci\u00f3n de la calidad educacional y empresarial que permita la pertinencia en relaci\u00f3n dial\u00e9ctica con la excelencia acad\u00e9mica y de la producci\u00f3n y los servicios.<\/li>\n<li>Formar mediante el posgrado y otras formas de socializar el conocimiento, el capital humano que requiere la universidad, el mundo empresarial y la sociedad en general, para promover una cultura de calidad asociada a las necesidades y exigencias del entorno social.<\/li>\n<li>Realizar evaluaciones de impacto social por encargo de organismos, organizaciones y entidades de la producci\u00f3n y los servicios con el fin de contribuir al desarrollo local, nacional y regional.<\/li>\n<li>Organizar, capacitar, aplicar instrumentos, procesar y elaborar los informes que emanan de las investigaciones en desarrollo.<\/li>\n<li>Socializar en espacios reales y virtuales los resultados de la actividad de investigaci\u00f3n y gestionar en el \u00e1mbito nacional e internacional el posicionamiento de los resultados investigativos.<\/li>\n<li>Asesorar a partir de los resultados cient\u00edficos para la evaluaci\u00f3n del impacto social la gesti\u00f3n de la calidad en cada una de las instancias que conforman el universo acad\u00e9mico y empresarial.<\/li>\n<li>Atesorar, proteger y preservar los resultados que constituyen patrimonio de los investigadores del centro de estudios.<\/li>\n<\/ol>\n","protected":false},"excerpt":{"rendered":"<p>Evaluar los procesos de la formaci\u00f3n profesional y de la gesti\u00f3n de la calidad, basados en la investigaci\u00f3n cient\u00edfica fundamentada [&hellip;]<\/p>\n","protected":false},"author":12,"featured_media":253,"parent":0,"menu_order":0,"comment_status":"closed","ping_status":"closed","template":"","meta":{"footnotes":""},"class_list":["post-284","page","type-page","status-publish","has-post-thumbnail","hentry"],"_links":{"self":[{"href":"https:\/\/www.reduc.edu.cu\/cecee\/wp-json\/wp\/v2\/pages\/284","targetHints":{"allow":["GET"]}}],"collection":[{"href":"https:\/\/www.reduc.edu.cu\/cecee\/wp-json\/wp\/v2\/pages"}],"about":[{"href":"https:\/\/www.reduc.edu.cu\/cecee\/wp-json\/wp\/v2\/types\/page"}],"author":[{"embeddable":true,"href":"https:\/\/www.reduc.edu.cu\/cecee\/wp-json\/wp\/v2\/users\/12"}],"replies":[{"embeddable":true,"href":"https:\/\/www.reduc.edu.cu\/cecee\/wp-json\/wp\/v2\/comments?post=284"}],"version-history":[{"count":1,"href":"https:\/\/www.reduc.edu.cu\/cecee\/wp-json\/wp\/v2\/pages\/284\/revisions"}],"predecessor-version":[{"id":285,"href":"https:\/\/www.reduc.edu.cu\/cecee\/wp-json\/wp\/v2\/pages\/284\/revisions\/285"}],"wp:featuredmedia":[{"embeddable":true,"href":"https:\/\/www.reduc.edu.cu\/cecee\/wp-json\/wp\/v2\/media\/253"}],"wp:attachment":[{"href":"https:\/\/www.reduc.edu.cu\/cecee\/wp-json\/wp\/v2\/media?parent=284"}],"curies":[{"name":"wp","href":"https:\/\/api.w.org\/{rel}","templated":true}]}}