{"id":287,"date":"2018-05-02T17:00:58","date_gmt":"2018-05-02T17:00:58","guid":{"rendered":"http:\/\/www.reduc.edu.cu\/cecee\/?page_id=287"},"modified":"2018-10-18T15:41:20","modified_gmt":"2018-10-18T15:41:20","slug":"proceso-de-publicacion","status":"publish","type":"page","link":"https:\/\/www.reduc.edu.cu\/cecee\/proceso-de-publicacion\/","title":{"rendered":"Bolet\u00edn Cualidades"},"content":{"rendered":"<table style=\"width: 100%;border-collapse: collapse\" border=\"0\">\n<tbody>\n<tr>\n<td style=\"width: 36.3811%;text-align: left;vertical-align: top\"><span style=\"font-size: 18pt\"><img fetchpriority=\"high\" decoding=\"async\" class=\"wp-image-462 alignleft\" src=\"http:\/\/www.reduc.edu.cu\/cecee\/wp-content\/uploads\/sites\/12\/2018\/07\/boletin-fondo1.jpg\" alt=\"\" width=\"356\" height=\"206\" srcset=\"https:\/\/www.reduc.edu.cu\/cecee\/wp-content\/uploads\/sites\/12\/2018\/07\/boletin-fondo1.jpg 800w, https:\/\/www.reduc.edu.cu\/cecee\/wp-content\/uploads\/sites\/12\/2018\/07\/boletin-fondo1-300x174.jpg 300w, https:\/\/www.reduc.edu.cu\/cecee\/wp-content\/uploads\/sites\/12\/2018\/07\/boletin-fondo1-768x444.jpg 768w, https:\/\/www.reduc.edu.cu\/cecee\/wp-content\/uploads\/sites\/12\/2018\/07\/boletin-fondo1-750x434.jpg 750w, https:\/\/www.reduc.edu.cu\/cecee\/wp-content\/uploads\/sites\/12\/2018\/07\/boletin-fondo1-400x232.jpg 400w, https:\/\/www.reduc.edu.cu\/cecee\/wp-content\/uploads\/sites\/12\/2018\/07\/boletin-fondo1-430x249.jpg 430w, https:\/\/www.reduc.edu.cu\/cecee\/wp-content\/uploads\/sites\/12\/2018\/07\/boletin-fondo1-150x87.jpg 150w, https:\/\/www.reduc.edu.cu\/cecee\/wp-content\/uploads\/sites\/12\/2018\/07\/boletin-fondo1-100x58.jpg 100w\" sizes=\"(max-width: 356px) 100vw, 356px\" \/><\/span><\/td>\n<td style=\"width: 63.5226%;text-align: left;vertical-align: top\">\n<p style=\"text-align: justify\"><span style=\"font-size: 18pt\">El <strong>Bolet\u00edn Cualidades<\/strong> surge como necesidad de compartir las investigaciones realizadas en el Centro de Estudios para la Calidad Educacional y Empresarial. <\/span><\/p>\n<p style=\"text-align: justify\"><span style=\"font-size: 18pt\">Tiene entre sus objetivos poder alcanzar a un mayor n\u00famero de personas y que podamos compartir conocimientos y experiencias en los aspectos relacionados con la Calidad.<\/span><\/p>\n<\/td>\n<\/tr>\n<tr>\n<td style=\"width: 36.3811%;text-align: left;vertical-align: top\" colspan=\"2\"><span style=\"font-size: 18pt\">Comisi\u00f3n Cient\u00edfica:<\/span><\/p>\n<p><span style=\"font-size: 14pt\">El Centro dispone de una comisi\u00f3n cient\u00edfica constituida por especialistas de reconocida trayectoria en la educaci\u00f3n superior como l\u00edderes cient\u00edficos, al igual, sus miembros han ocupado responsabilidades administrativas y de direcci\u00f3n a los largo de su vida profesional lo que posibilita, en el ejercicio de la actividad, una visi\u00f3n profunda de los encargos y tareas de car\u00e1cter cient\u00edfico que ejecutan. A continuaci\u00f3n se presentan los mismos:<\/span><\/td>\n<\/tr>\n<tr>\n<td style=\"width: 36.3811%;text-align: left;vertical-align: top\"><a href=\"http:\/\/cecee.reduc.edu.cu\/?page_id=250\">Dr. C. Pedro Pino Est\u00e9vez<\/a><\/p>\n<p><a href=\"http:\/\/cecee.reduc.edu.cu\/?page_id=259\">Dr. C. Juan Carlos \u00c1lvarez Yero.<\/a><\/p>\n<p><a href=\"http:\/\/cecee.reduc.edu.cu\/?page_id=247\">Dr. C. Gerardo Quintero Pupo.<\/a><\/p>\n<p><a href=\"http:\/\/cecee.reduc.edu.cu\/?page_id=236\">Dr. C. Erenia de la Caridad Mart\u00ednez Escoda<\/a><\/p>\n<p>Dr. C Roxana Sol\u00f3rzano Ben\u00edtez<\/p>\n<p>Dr. C. Pablo Galindo Ll\u00e1nez<\/p>\n<p>Dr. C. Wilfredo Jos\u00e9 Pozas Prieto<\/td>\n<td style=\"width: 63.5226%;text-align: left;vertical-align: top\">Presidente<\/p>\n<p>Secretario<\/p>\n<p>Miembro<\/p>\n<p>Miembro<\/p>\n<p>Miembro<\/p>\n<p>Miembro<\/p>\n<p>Miembro<\/td>\n<\/tr>\n<\/tbody>\n<\/table>\n<p>&nbsp;<\/p>\n","protected":false},"excerpt":{"rendered":"<p>El Bolet\u00edn Cualidades surge como necesidad de compartir las investigaciones realizadas en el Centro de Estudios para la Calidad Educacional [&hellip;]<\/p>\n","protected":false},"author":12,"featured_media":0,"parent":0,"menu_order":0,"comment_status":"closed","ping_status":"closed","template":"","meta":{"footnotes":""},"class_list":["post-287","page","type-page","status-publish","hentry"],"_links":{"self":[{"href":"https:\/\/www.reduc.edu.cu\/cecee\/wp-json\/wp\/v2\/pages\/287","targetHints":{"allow":["GET"]}}],"collection":[{"href":"https:\/\/www.reduc.edu.cu\/cecee\/wp-json\/wp\/v2\/pages"}],"about":[{"href":"https:\/\/www.reduc.edu.cu\/cecee\/wp-json\/wp\/v2\/types\/page"}],"author":[{"embeddable":true,"href":"https:\/\/www.reduc.edu.cu\/cecee\/wp-json\/wp\/v2\/users\/12"}],"replies":[{"embeddable":true,"href":"https:\/\/www.reduc.edu.cu\/cecee\/wp-json\/wp\/v2\/comments?post=287"}],"version-history":[{"count":3,"href":"https:\/\/www.reduc.edu.cu\/cecee\/wp-json\/wp\/v2\/pages\/287\/revisions"}],"predecessor-version":[{"id":557,"href":"https:\/\/www.reduc.edu.cu\/cecee\/wp-json\/wp\/v2\/pages\/287\/revisions\/557"}],"wp:attachment":[{"href":"https:\/\/www.reduc.edu.cu\/cecee\/wp-json\/wp\/v2\/media?parent=287"}],"curies":[{"name":"wp","href":"https:\/\/api.w.org\/{rel}","templated":true}]}}