{"id":294,"date":"2018-05-02T17:10:29","date_gmt":"2018-05-02T17:10:29","guid":{"rendered":"http:\/\/www.reduc.edu.cu\/cecee\/?page_id=294"},"modified":"2018-10-18T17:17:44","modified_gmt":"2018-10-18T17:17:44","slug":"posgrados","status":"publish","type":"page","link":"https:\/\/www.reduc.edu.cu\/cecee\/posgrados\/","title":{"rendered":"Postgrados"},"content":{"rendered":"<p><strong><span style=\"font-size: 18pt\">Postgrado<\/span><\/strong><\/p>\n<p><strong>T\u00edtulo:<\/strong> Teor\u00eda y pr\u00e1ctica de la evaluaci\u00f3n de la calidad educativa y de su impacto social.<br \/>\n<strong>Profesores que lo imparten:<\/strong><\/p>\n<p><a href=\"http:\/\/cecee.reduc.edu.cu\/?page_id=236\">Dra. C. Erenia de la Caridad Mart\u00ednez Escoda.\u00a0<\/a>erenia.martinez@reduc.edu.cu<\/p>\n<p><a href=\"http:\/\/cecee.reduc.edu.cu\/?page_id=231\">MSc. Javier L\u00f3pez Fern\u00e1ndez\u00a0<\/a>javier.lopez@reduc.edu.cu<\/p>\n<p>MSc. Oscar S. Marrero Ram\u00edrez<\/p>\n<p><strong>Total de horas:<\/strong> 12 lectivas<br \/>\n<strong>Cr\u00e9dito acad\u00e9mico:<\/strong> 1<br \/>\n<strong>Dirigido a:<\/strong> Docentes designados por cada carrera, los nuevos profesores investigadores en plantilla del centro de estudios y otros investigadores interesados.<\/p>\n<p><strong>Sinopsis:<\/strong><\/p>\n<p>Propone\u00a0un sistema de contenidos que posibilita el dise\u00f1o de metodolog\u00edas, procedimientos, instrumentos y bases de datos que propician al cursista un desempe\u00f1o favorable al evaluar el impacto social de aquellos procesos educativos que son de inter\u00e9s ante las aspiraciones que se manifiestan en los modelos de formaci\u00f3n de profesionales en las educaciones. Est\u00e1 previsto impartirlo en 12 horas presenciales, iniciando en el mes de marzo y hasta el mes de junio del 2015, los contenidos y actividades est\u00e1n distribuidas en dos frecuencias mensuales que garantizan el objetivo propuesto.<\/p>\n<p><a href=\"http:\/\/www.reduc.edu.cu\/cecee\/wp-content\/uploads\/sites\/12\/2018\/05\/PROGRAMA-CURSO-DE-POSGRADO.pdf\">Programa Curso de Postgrado<\/a><\/p>\n<p>&nbsp;<\/p>\n<p><span style=\"font-size: 18pt\"><strong>Diplomado<\/strong><\/span><\/p>\n<p>De los resultados investigativos del CECEE se deriv\u00f3 el d diplomado: <a href=\"http:\/\/cecee.reduc.edu.cu\/wp-content\/uploads\/2015\/05\/Posgrados-UC-2015.pdf\">Gesti\u00f3n de la calidad de la educaci\u00f3n universitaria.<\/a><\/p>\n<p>C\u00f3digo: 04.20.503\u00a0\u00a0\u00a0\u00a0\u00a0\u00a0\u00a0\u00a0\u00a0\u00a0\u00a0\u00a0\u00a0\u00a0 Cr\u00e9ditos: 20\u00a0\u00a0\u00a0\u00a0\u00a0\u00a0\u00a0\u00a0\u00a0\u00a0\u00a0\u00a0\u00a0\u00a0\u00a0\u00a0\u00a0\u00a0\u00a0\u00a0\u00a0 Horas lectivas: 240<\/p>\n<p>Coordinador: <a href=\"http:\/\/cecee.reduc.edu.cu\/?page_id=247\">Dr. C. Gerardo Quintero Pupo<\/a><br \/>\nCorreo electr\u00f3nico: gerardo.qquintero@reduc.edu.cu<\/p>\n<p>Tel\u00e9fono: 261097<\/p>\n<p><strong>Objetivo<\/strong>: Sistematizar con los directivos y docentes los contenidos necesarios para comprender las herramientas y procedimientos de la gesti\u00f3n de la calidad en la educaci\u00f3n universitaria en funci\u00f3n de la evaluaci\u00f3n del impacto social en el contexto y el alcance de la Universidad de Camag\u00fcey.<br \/>\nDirigido a: Directivos y\/o docentes de las facultades de la universidad.<\/p>\n<p><strong>Contenido<\/strong>: Documentos, normas y regulaciones relacionadas con la calidad de la educaci\u00f3n universitaria. La Universidad y sus procesos sustantivos, as\u00ed como sus relaciones intra e inter institucionales. Evaluaci\u00f3n de la calidad educativa, definiciones conceptuales, tendencias, modelos y enfoques, alcances y perspectivas. Relaciones entre el cambio social y la evaluaci\u00f3n del impacto social. Evaluaciones cuanti y cualitativas en los modelos de evaluaci\u00f3n del impacto social en la educaci\u00f3n universitaria.\u00a0 El procesamiento de la informaci\u00f3n cuanti y cualitativas desde la estad\u00edsticas y el uso de software especificos.<\/p>\n","protected":false},"excerpt":{"rendered":"<p>Postgrado T\u00edtulo: Teor\u00eda y pr\u00e1ctica de la evaluaci\u00f3n de la calidad educativa y de su impacto social. Profesores que lo [&hellip;]<\/p>\n","protected":false},"author":12,"featured_media":244,"parent":0,"menu_order":0,"comment_status":"closed","ping_status":"closed","template":"","meta":{"footnotes":""},"class_list":["post-294","page","type-page","status-publish","has-post-thumbnail","hentry"],"_links":{"self":[{"href":"https:\/\/www.reduc.edu.cu\/cecee\/wp-json\/wp\/v2\/pages\/294","targetHints":{"allow":["GET"]}}],"collection":[{"href":"https:\/\/www.reduc.edu.cu\/cecee\/wp-json\/wp\/v2\/pages"}],"about":[{"href":"https:\/\/www.reduc.edu.cu\/cecee\/wp-json\/wp\/v2\/types\/page"}],"author":[{"embeddable":true,"href":"https:\/\/www.reduc.edu.cu\/cecee\/wp-json\/wp\/v2\/users\/12"}],"replies":[{"embeddable":true,"href":"https:\/\/www.reduc.edu.cu\/cecee\/wp-json\/wp\/v2\/comments?post=294"}],"version-history":[{"count":4,"href":"https:\/\/www.reduc.edu.cu\/cecee\/wp-json\/wp\/v2\/pages\/294\/revisions"}],"predecessor-version":[{"id":585,"href":"https:\/\/www.reduc.edu.cu\/cecee\/wp-json\/wp\/v2\/pages\/294\/revisions\/585"}],"wp:featuredmedia":[{"embeddable":true,"href":"https:\/\/www.reduc.edu.cu\/cecee\/wp-json\/wp\/v2\/media\/244"}],"wp:attachment":[{"href":"https:\/\/www.reduc.edu.cu\/cecee\/wp-json\/wp\/v2\/media?parent=294"}],"curies":[{"name":"wp","href":"https:\/\/api.w.org\/{rel}","templated":true}]}}