{"id":558,"date":"2018-10-18T16:17:34","date_gmt":"2018-10-18T16:17:34","guid":{"rendered":"http:\/\/www.reduc.edu.cu\/cecee\/?page_id=558"},"modified":"2018-10-18T16:22:12","modified_gmt":"2018-10-18T16:22:12","slug":"convenio-cultura","status":"publish","type":"page","link":"https:\/\/www.reduc.edu.cu\/cecee\/convenio-cultura\/","title":{"rendered":"Convenio Cultura"},"content":{"rendered":"<table style=\"width: 100%;border-collapse: collapse\" border=\"0\" cellpadding=\"0\">\n<tbody>\n<tr>\n<td style=\"width: 36.1405%;text-align: left;vertical-align: top\"><img fetchpriority=\"high\" decoding=\"async\" class=\"alignleft wp-image-560 size-large\" src=\"http:\/\/www.reduc.edu.cu\/cecee\/wp-content\/uploads\/sites\/12\/2018\/10\/Actividad-de-CCultura-Ignacio-Agramonte-1024x768.jpg\" alt=\"\" width=\"1024\" height=\"768\" srcset=\"https:\/\/www.reduc.edu.cu\/cecee\/wp-content\/uploads\/sites\/12\/2018\/10\/Actividad-de-CCultura-Ignacio-Agramonte-1024x768.jpg 1024w, https:\/\/www.reduc.edu.cu\/cecee\/wp-content\/uploads\/sites\/12\/2018\/10\/Actividad-de-CCultura-Ignacio-Agramonte-300x225.jpg 300w, https:\/\/www.reduc.edu.cu\/cecee\/wp-content\/uploads\/sites\/12\/2018\/10\/Actividad-de-CCultura-Ignacio-Agramonte-768x576.jpg 768w, https:\/\/www.reduc.edu.cu\/cecee\/wp-content\/uploads\/sites\/12\/2018\/10\/Actividad-de-CCultura-Ignacio-Agramonte-750x563.jpg 750w, https:\/\/www.reduc.edu.cu\/cecee\/wp-content\/uploads\/sites\/12\/2018\/10\/Actividad-de-CCultura-Ignacio-Agramonte-400x300.jpg 400w, https:\/\/www.reduc.edu.cu\/cecee\/wp-content\/uploads\/sites\/12\/2018\/10\/Actividad-de-CCultura-Ignacio-Agramonte-430x323.jpg 430w, https:\/\/www.reduc.edu.cu\/cecee\/wp-content\/uploads\/sites\/12\/2018\/10\/Actividad-de-CCultura-Ignacio-Agramonte-150x113.jpg 150w, https:\/\/www.reduc.edu.cu\/cecee\/wp-content\/uploads\/sites\/12\/2018\/10\/Actividad-de-CCultura-Ignacio-Agramonte-100x75.jpg 100w\" sizes=\"(max-width: 1024px) 100vw, 1024px\" \/><\/td>\n<td style=\"width: 63.8595%;text-align: justify;vertical-align: top\"><span style=\"font-size: 14pt\"> Con el prop\u00f3sito de establecer v\u00ednculos de colaboraci\u00f3n con las instituciones culturales del territorio camag\u00fceyano, para el perfeccionamiento de la pr\u00e1ctica profesional de los estudiantes y egresados universitarios de las carreras de Instructores de Arte y Educaci\u00f3n Art\u00edstica; as\u00ed como brindar apoyo te\u00f3rico y metodol\u00f3gico en funci\u00f3n de la gesti\u00f3n de la calidad de la promoci\u00f3n cultural, se concibe el <span style=\"text-decoration: underline\">Convenio Colectivo del Centro de Estudios para la evaluaci\u00f3n de la calidad educacional y empresarial, de la Universidad Ignacio Agramonte y Loynaz y el Sectorial Provincial de Cultura en Camag\u00fcey<\/span>.<\/span><\/td>\n<\/tr>\n<tr>\n<td style=\"width: 100%;text-align: left;vertical-align: top\" colspan=\"2\">&nbsp;<\/p>\n<p><span style=\"font-size: 14pt\">Como acciones principales del convenio se proyectan:<\/span><\/p>\n<ul>\n<li><span style=\"font-size: 14pt\">Investigaciones para evaluar el impacto social de programas culturales y<\/span><\/li>\n<li><span style=\"font-size: 14pt\">la superaci\u00f3n en la gesti\u00f3n de la calidad del campo art\u00edstico pedag\u00f3gico.<\/span><\/li>\n<\/ul>\n<p><span style=\"font-size: 14pt\">Como primera acci\u00f3n ejecutada, se encuentra en proceso de culminaci\u00f3n la <strong>investigaci\u00f3n<\/strong>: Evaluaci\u00f3n del impacto social de las actividades de promoci\u00f3n cultural de las Casas de Cultura, en el verano de la Ciudad de Camag\u00fcey.<\/span><\/p>\n<p>&nbsp;<\/p>\n<p><span style=\"font-size: 14pt\">Las siguientes im\u00e1genes corresponden a las actividades de promoci\u00f3n cultural de las Casas de Cultura en el verano de este a\u00f1o en la Ciudad de Camag\u00fcey:<\/span><\/p>\n<p><div id='gallery-1' class='gallery galleryid-558 gallery-columns-3 gallery-size-medium'><figure class='gallery-item'>\n\t\t\t<div class='gallery-icon landscape'>\n\t\t\t\t<a href='https:\/\/www.reduc.edu.cu\/cecee\/convenio-cultura\/olympus-digital-camera\/'><img decoding=\"async\" width=\"300\" height=\"225\" src=\"https:\/\/www.reduc.edu.cu\/cecee\/wp-content\/uploads\/sites\/12\/2018\/10\/Actividad-de-CCultura-Ignacio-Agramonte-300x225.jpg\" class=\"attachment-medium size-medium\" alt=\"\" srcset=\"https:\/\/www.reduc.edu.cu\/cecee\/wp-content\/uploads\/sites\/12\/2018\/10\/Actividad-de-CCultura-Ignacio-Agramonte-300x225.jpg 300w, https:\/\/www.reduc.edu.cu\/cecee\/wp-content\/uploads\/sites\/12\/2018\/10\/Actividad-de-CCultura-Ignacio-Agramonte-768x576.jpg 768w, https:\/\/www.reduc.edu.cu\/cecee\/wp-content\/uploads\/sites\/12\/2018\/10\/Actividad-de-CCultura-Ignacio-Agramonte-1024x768.jpg 1024w, https:\/\/www.reduc.edu.cu\/cecee\/wp-content\/uploads\/sites\/12\/2018\/10\/Actividad-de-CCultura-Ignacio-Agramonte-750x563.jpg 750w, https:\/\/www.reduc.edu.cu\/cecee\/wp-content\/uploads\/sites\/12\/2018\/10\/Actividad-de-CCultura-Ignacio-Agramonte-400x300.jpg 400w, https:\/\/www.reduc.edu.cu\/cecee\/wp-content\/uploads\/sites\/12\/2018\/10\/Actividad-de-CCultura-Ignacio-Agramonte-430x323.jpg 430w, https:\/\/www.reduc.edu.cu\/cecee\/wp-content\/uploads\/sites\/12\/2018\/10\/Actividad-de-CCultura-Ignacio-Agramonte-150x113.jpg 150w, https:\/\/www.reduc.edu.cu\/cecee\/wp-content\/uploads\/sites\/12\/2018\/10\/Actividad-de-CCultura-Ignacio-Agramonte-100x75.jpg 100w\" sizes=\"(max-width: 300px) 100vw, 300px\" \/><\/a>\n\t\t\t<\/div><\/figure><figure class='gallery-item'>\n\t\t\t<div class='gallery-icon landscape'>\n\t\t\t\t<a href='https:\/\/www.reduc.edu.cu\/cecee\/actividad-de-ccultura-j-a-mella-en-el-casino\/'><img decoding=\"async\" width=\"300\" height=\"224\" src=\"https:\/\/www.reduc.edu.cu\/cecee\/wp-content\/uploads\/sites\/12\/2018\/10\/Actividad-de-CCultura-J-A-Mella-en-el-Casino-300x224.jpg\" class=\"attachment-medium size-medium\" alt=\"\" srcset=\"https:\/\/www.reduc.edu.cu\/cecee\/wp-content\/uploads\/sites\/12\/2018\/10\/Actividad-de-CCultura-J-A-Mella-en-el-Casino-300x224.jpg 300w, https:\/\/www.reduc.edu.cu\/cecee\/wp-content\/uploads\/sites\/12\/2018\/10\/Actividad-de-CCultura-J-A-Mella-en-el-Casino-768x574.jpg 768w, https:\/\/www.reduc.edu.cu\/cecee\/wp-content\/uploads\/sites\/12\/2018\/10\/Actividad-de-CCultura-J-A-Mella-en-el-Casino-1024x765.jpg 1024w, https:\/\/www.reduc.edu.cu\/cecee\/wp-content\/uploads\/sites\/12\/2018\/10\/Actividad-de-CCultura-J-A-Mella-en-el-Casino-750x560.jpg 750w, https:\/\/www.reduc.edu.cu\/cecee\/wp-content\/uploads\/sites\/12\/2018\/10\/Actividad-de-CCultura-J-A-Mella-en-el-Casino-400x299.jpg 400w, https:\/\/www.reduc.edu.cu\/cecee\/wp-content\/uploads\/sites\/12\/2018\/10\/Actividad-de-CCultura-J-A-Mella-en-el-Casino-430x321.jpg 430w, https:\/\/www.reduc.edu.cu\/cecee\/wp-content\/uploads\/sites\/12\/2018\/10\/Actividad-de-CCultura-J-A-Mella-en-el-Casino-150x112.jpg 150w, https:\/\/www.reduc.edu.cu\/cecee\/wp-content\/uploads\/sites\/12\/2018\/10\/Actividad-de-CCultura-J-A-Mella-en-el-Casino-100x75.jpg 100w\" sizes=\"(max-width: 300px) 100vw, 300px\" \/><\/a>\n\t\t\t<\/div><\/figure><figure class='gallery-item'>\n\t\t\t<div class='gallery-icon landscape'>\n\t\t\t\t<a href='https:\/\/www.reduc.edu.cu\/cecee\/actividad-en-san-miguelito\/'><img loading=\"lazy\" decoding=\"async\" width=\"300\" height=\"224\" src=\"https:\/\/www.reduc.edu.cu\/cecee\/wp-content\/uploads\/sites\/12\/2018\/10\/Actividad-en-San-Miguelito-300x224.jpg\" class=\"attachment-medium size-medium\" alt=\"\" srcset=\"https:\/\/www.reduc.edu.cu\/cecee\/wp-content\/uploads\/sites\/12\/2018\/10\/Actividad-en-San-Miguelito-300x224.jpg 300w, https:\/\/www.reduc.edu.cu\/cecee\/wp-content\/uploads\/sites\/12\/2018\/10\/Actividad-en-San-Miguelito-768x574.jpg 768w, https:\/\/www.reduc.edu.cu\/cecee\/wp-content\/uploads\/sites\/12\/2018\/10\/Actividad-en-San-Miguelito-1024x765.jpg 1024w, https:\/\/www.reduc.edu.cu\/cecee\/wp-content\/uploads\/sites\/12\/2018\/10\/Actividad-en-San-Miguelito-750x560.jpg 750w, https:\/\/www.reduc.edu.cu\/cecee\/wp-content\/uploads\/sites\/12\/2018\/10\/Actividad-en-San-Miguelito-400x299.jpg 400w, https:\/\/www.reduc.edu.cu\/cecee\/wp-content\/uploads\/sites\/12\/2018\/10\/Actividad-en-San-Miguelito-430x321.jpg 430w, https:\/\/www.reduc.edu.cu\/cecee\/wp-content\/uploads\/sites\/12\/2018\/10\/Actividad-en-San-Miguelito-150x112.jpg 150w, https:\/\/www.reduc.edu.cu\/cecee\/wp-content\/uploads\/sites\/12\/2018\/10\/Actividad-en-San-Miguelito-100x75.jpg 100w\" sizes=\"(max-width: 300px) 100vw, 300px\" \/><\/a>\n\t\t\t<\/div><\/figure><figure class='gallery-item'>\n\t\t\t<div class='gallery-icon landscape'>\n\t\t\t\t<a href='https:\/\/www.reduc.edu.cu\/cecee\/promotores-de-ccultura-amalia-simoni\/'><img loading=\"lazy\" decoding=\"async\" width=\"300\" height=\"169\" src=\"https:\/\/www.reduc.edu.cu\/cecee\/wp-content\/uploads\/sites\/12\/2018\/10\/Promotores-de-CCultura-Amalia-Simoni-300x169.jpg\" class=\"attachment-medium size-medium\" alt=\"\" srcset=\"https:\/\/www.reduc.edu.cu\/cecee\/wp-content\/uploads\/sites\/12\/2018\/10\/Promotores-de-CCultura-Amalia-Simoni-300x169.jpg 300w, https:\/\/www.reduc.edu.cu\/cecee\/wp-content\/uploads\/sites\/12\/2018\/10\/Promotores-de-CCultura-Amalia-Simoni-768x432.jpg 768w, https:\/\/www.reduc.edu.cu\/cecee\/wp-content\/uploads\/sites\/12\/2018\/10\/Promotores-de-CCultura-Amalia-Simoni-1024x576.jpg 1024w, https:\/\/www.reduc.edu.cu\/cecee\/wp-content\/uploads\/sites\/12\/2018\/10\/Promotores-de-CCultura-Amalia-Simoni-750x422.jpg 750w, https:\/\/www.reduc.edu.cu\/cecee\/wp-content\/uploads\/sites\/12\/2018\/10\/Promotores-de-CCultura-Amalia-Simoni-400x225.jpg 400w, https:\/\/www.reduc.edu.cu\/cecee\/wp-content\/uploads\/sites\/12\/2018\/10\/Promotores-de-CCultura-Amalia-Simoni-430x242.jpg 430w, https:\/\/www.reduc.edu.cu\/cecee\/wp-content\/uploads\/sites\/12\/2018\/10\/Promotores-de-CCultura-Amalia-Simoni-150x84.jpg 150w, https:\/\/www.reduc.edu.cu\/cecee\/wp-content\/uploads\/sites\/12\/2018\/10\/Promotores-de-CCultura-Amalia-Simoni-100x56.jpg 100w\" sizes=\"(max-width: 300px) 100vw, 300px\" \/><\/a>\n\t\t\t<\/div><\/figure><figure class='gallery-item'>\n\t\t\t<div class='gallery-icon landscape'>\n\t\t\t\t<a href='https:\/\/www.reduc.edu.cu\/cecee\/proyecto-mexico-la-voz\/'><img loading=\"lazy\" decoding=\"async\" width=\"300\" height=\"180\" src=\"https:\/\/www.reduc.edu.cu\/cecee\/wp-content\/uploads\/sites\/12\/2018\/10\/Proyecto-M\u00e9xico-La-voz-300x180.jpg\" class=\"attachment-medium size-medium\" alt=\"\" srcset=\"https:\/\/www.reduc.edu.cu\/cecee\/wp-content\/uploads\/sites\/12\/2018\/10\/Proyecto-M\u00e9xico-La-voz-300x180.jpg 300w, https:\/\/www.reduc.edu.cu\/cecee\/wp-content\/uploads\/sites\/12\/2018\/10\/Proyecto-M\u00e9xico-La-voz-768x461.jpg 768w, https:\/\/www.reduc.edu.cu\/cecee\/wp-content\/uploads\/sites\/12\/2018\/10\/Proyecto-M\u00e9xico-La-voz-1024x614.jpg 1024w, https:\/\/www.reduc.edu.cu\/cecee\/wp-content\/uploads\/sites\/12\/2018\/10\/Proyecto-M\u00e9xico-La-voz-750x450.jpg 750w, https:\/\/www.reduc.edu.cu\/cecee\/wp-content\/uploads\/sites\/12\/2018\/10\/Proyecto-M\u00e9xico-La-voz-400x240.jpg 400w, https:\/\/www.reduc.edu.cu\/cecee\/wp-content\/uploads\/sites\/12\/2018\/10\/Proyecto-M\u00e9xico-La-voz-430x258.jpg 430w, https:\/\/www.reduc.edu.cu\/cecee\/wp-content\/uploads\/sites\/12\/2018\/10\/Proyecto-M\u00e9xico-La-voz-150x90.jpg 150w, https:\/\/www.reduc.edu.cu\/cecee\/wp-content\/uploads\/sites\/12\/2018\/10\/Proyecto-M\u00e9xico-La-voz-100x60.jpg 100w\" sizes=\"(max-width: 300px) 100vw, 300px\" \/><\/a>\n\t\t\t<\/div><\/figure><figure class='gallery-item'>\n\t\t\t<div class='gallery-icon landscape'>\n\t\t\t\t<a href='https:\/\/www.reduc.edu.cu\/cecee\/promotores-culturales-de-c-cultura-ignacio-agramonte\/'><img loading=\"lazy\" decoding=\"async\" width=\"300\" height=\"169\" src=\"https:\/\/www.reduc.edu.cu\/cecee\/wp-content\/uploads\/sites\/12\/2018\/10\/Promotores-culturales-de-C-Cultura-Ignacio-Agramonte-300x169.jpg\" class=\"attachment-medium size-medium\" alt=\"\" srcset=\"https:\/\/www.reduc.edu.cu\/cecee\/wp-content\/uploads\/sites\/12\/2018\/10\/Promotores-culturales-de-C-Cultura-Ignacio-Agramonte-300x169.jpg 300w, https:\/\/www.reduc.edu.cu\/cecee\/wp-content\/uploads\/sites\/12\/2018\/10\/Promotores-culturales-de-C-Cultura-Ignacio-Agramonte-768x432.jpg 768w, https:\/\/www.reduc.edu.cu\/cecee\/wp-content\/uploads\/sites\/12\/2018\/10\/Promotores-culturales-de-C-Cultura-Ignacio-Agramonte-1024x576.jpg 1024w, https:\/\/www.reduc.edu.cu\/cecee\/wp-content\/uploads\/sites\/12\/2018\/10\/Promotores-culturales-de-C-Cultura-Ignacio-Agramonte-750x422.jpg 750w, https:\/\/www.reduc.edu.cu\/cecee\/wp-content\/uploads\/sites\/12\/2018\/10\/Promotores-culturales-de-C-Cultura-Ignacio-Agramonte-400x225.jpg 400w, https:\/\/www.reduc.edu.cu\/cecee\/wp-content\/uploads\/sites\/12\/2018\/10\/Promotores-culturales-de-C-Cultura-Ignacio-Agramonte-430x242.jpg 430w, https:\/\/www.reduc.edu.cu\/cecee\/wp-content\/uploads\/sites\/12\/2018\/10\/Promotores-culturales-de-C-Cultura-Ignacio-Agramonte-150x84.jpg 150w, https:\/\/www.reduc.edu.cu\/cecee\/wp-content\/uploads\/sites\/12\/2018\/10\/Promotores-culturales-de-C-Cultura-Ignacio-Agramonte-100x56.jpg 100w\" sizes=\"(max-width: 300px) 100vw, 300px\" \/><\/a>\n\t\t\t<\/div><\/figure><figure class='gallery-item'>\n\t\t\t<div class='gallery-icon landscape'>\n\t\t\t\t<a href='https:\/\/www.reduc.edu.cu\/cecee\/promotores-culturales-de-casa-de-cultura-joaquin-de-aguero\/'><img loading=\"lazy\" decoding=\"async\" width=\"300\" height=\"169\" src=\"https:\/\/www.reduc.edu.cu\/cecee\/wp-content\/uploads\/sites\/12\/2018\/10\/Promotores-culturales-de-Casa-de-Cultura-Joaquin-de-Aguero-300x169.jpg\" class=\"attachment-medium size-medium\" alt=\"\" srcset=\"https:\/\/www.reduc.edu.cu\/cecee\/wp-content\/uploads\/sites\/12\/2018\/10\/Promotores-culturales-de-Casa-de-Cultura-Joaquin-de-Aguero-300x169.jpg 300w, https:\/\/www.reduc.edu.cu\/cecee\/wp-content\/uploads\/sites\/12\/2018\/10\/Promotores-culturales-de-Casa-de-Cultura-Joaquin-de-Aguero-768x432.jpg 768w, https:\/\/www.reduc.edu.cu\/cecee\/wp-content\/uploads\/sites\/12\/2018\/10\/Promotores-culturales-de-Casa-de-Cultura-Joaquin-de-Aguero-1024x576.jpg 1024w, https:\/\/www.reduc.edu.cu\/cecee\/wp-content\/uploads\/sites\/12\/2018\/10\/Promotores-culturales-de-Casa-de-Cultura-Joaquin-de-Aguero-750x422.jpg 750w, https:\/\/www.reduc.edu.cu\/cecee\/wp-content\/uploads\/sites\/12\/2018\/10\/Promotores-culturales-de-Casa-de-Cultura-Joaquin-de-Aguero-400x225.jpg 400w, https:\/\/www.reduc.edu.cu\/cecee\/wp-content\/uploads\/sites\/12\/2018\/10\/Promotores-culturales-de-Casa-de-Cultura-Joaquin-de-Aguero-430x242.jpg 430w, https:\/\/www.reduc.edu.cu\/cecee\/wp-content\/uploads\/sites\/12\/2018\/10\/Promotores-culturales-de-Casa-de-Cultura-Joaquin-de-Aguero-150x84.jpg 150w, https:\/\/www.reduc.edu.cu\/cecee\/wp-content\/uploads\/sites\/12\/2018\/10\/Promotores-culturales-de-Casa-de-Cultura-Joaquin-de-Aguero-100x56.jpg 100w\" sizes=\"(max-width: 300px) 100vw, 300px\" \/><\/a>\n\t\t\t<\/div><\/figure>\n\t\t<\/div>\n<\/td>\n<\/tr>\n<\/tbody>\n<\/table>\n","protected":false},"excerpt":{"rendered":"<p>Con el prop\u00f3sito de establecer v\u00ednculos de colaboraci\u00f3n con las instituciones culturales del territorio camag\u00fceyano, para el perfeccionamiento de la [&hellip;]<\/p>\n","protected":false},"author":12,"featured_media":0,"parent":0,"menu_order":0,"comment_status":"closed","ping_status":"closed","template":"","meta":{"footnotes":""},"class_list":["post-558","page","type-page","status-publish","hentry"],"_links":{"self":[{"href":"https:\/\/www.reduc.edu.cu\/cecee\/wp-json\/wp\/v2\/pages\/558","targetHints":{"allow":["GET"]}}],"collection":[{"href":"https:\/\/www.reduc.edu.cu\/cecee\/wp-json\/wp\/v2\/pages"}],"about":[{"href":"https:\/\/www.reduc.edu.cu\/cecee\/wp-json\/wp\/v2\/types\/page"}],"author":[{"embeddable":true,"href":"https:\/\/www.reduc.edu.cu\/cecee\/wp-json\/wp\/v2\/users\/12"}],"replies":[{"embeddable":true,"href":"https:\/\/www.reduc.edu.cu\/cecee\/wp-json\/wp\/v2\/comments?post=558"}],"version-history":[{"count":3,"href":"https:\/\/www.reduc.edu.cu\/cecee\/wp-json\/wp\/v2\/pages\/558\/revisions"}],"predecessor-version":[{"id":572,"href":"https:\/\/www.reduc.edu.cu\/cecee\/wp-json\/wp\/v2\/pages\/558\/revisions\/572"}],"wp:attachment":[{"href":"https:\/\/www.reduc.edu.cu\/cecee\/wp-json\/wp\/v2\/media?parent=558"}],"curies":[{"name":"wp","href":"https:\/\/api.w.org\/{rel}","templated":true}]}}