{"id":573,"date":"2018-10-18T16:36:36","date_gmt":"2018-10-18T16:36:36","guid":{"rendered":"http:\/\/www.reduc.edu.cu\/cecee\/?page_id=573"},"modified":"2018-10-18T16:36:36","modified_gmt":"2018-10-18T16:36:36","slug":"proyecto-impacto-social","status":"publish","type":"page","link":"https:\/\/www.reduc.edu.cu\/cecee\/proyecto-impacto-social\/","title":{"rendered":"Proyecto Impacto Social"},"content":{"rendered":"<table style=\"width: 100%;border-collapse: collapse\" border=\"0\">\n<tbody>\n<tr>\n<td style=\"width: 18.1424%\"><img fetchpriority=\"high\" decoding=\"async\" class=\"alignleft size-medium wp-image-438\" src=\"http:\/\/www.reduc.edu.cu\/cecee\/wp-content\/uploads\/sites\/12\/2018\/07\/logo-300x293.jpg\" alt=\"\" width=\"300\" height=\"293\" srcset=\"https:\/\/www.reduc.edu.cu\/cecee\/wp-content\/uploads\/sites\/12\/2018\/07\/logo-300x293.jpg 300w, https:\/\/www.reduc.edu.cu\/cecee\/wp-content\/uploads\/sites\/12\/2018\/07\/logo-400x390.jpg 400w, https:\/\/www.reduc.edu.cu\/cecee\/wp-content\/uploads\/sites\/12\/2018\/07\/logo-150x146.jpg 150w, https:\/\/www.reduc.edu.cu\/cecee\/wp-content\/uploads\/sites\/12\/2018\/07\/logo-100x98.jpg 100w, https:\/\/www.reduc.edu.cu\/cecee\/wp-content\/uploads\/sites\/12\/2018\/07\/logo.jpg 405w\" sizes=\"(max-width: 300px) 100vw, 300px\" \/><\/td>\n<td style=\"width: 81.8576%;text-align: left;vertical-align: top\"><span style=\"font-size: 14pt\">El Centro de estudios para la calidad educacional y empresarial desarrolla como v\u00eda fundamental de investigaci\u00f3n un proyecto institucional el cual se denomina:<\/span><\/p>\n<p><strong><span style=\"font-size: 14pt\">El impacto social de la formaci\u00f3n continua como parte de los procesos de mejora de la calidad educacional en la Universidad de Camag\u00fcey.<\/span><\/strong><\/td>\n<\/tr>\n<tr>\n<td style=\"width: 18.1424%\" colspan=\"2\"><strong><span style=\"font-size: 14pt\">PROBLEMA A RESOLVER: <\/span><\/strong><span style=\"font-size: 14pt\">Insuficiencias en la evaluaci\u00f3n del impacto social de la formaci\u00f3n en el contexto y alcance de la Universidad de Camag\u00fcey Ignacio Agramonte Loynaz.<\/span><\/p>\n<p>&nbsp;<\/p>\n<p><span style=\"font-size: 14pt\">Este proyecto se desarrolla dada las <strong>siguientes necesidades<\/strong> que se manifiestan en la Universidad, las cuales se realzan en lo adelante.<\/span><\/p>\n<ul>\n<li><span style=\"font-size: 14pt\">La Universidad de Camag\u00fcey Ignacio Agramonte Loynaz present\u00f3 durante el curso 2014-2015 bajo el principio de la voluntariedad la solicitud de evaluaci\u00f3n para la acreditaci\u00f3n de la instituci\u00f3n a la Junta de Acreditaci\u00f3n Nacional (JAN), con el objetivo de acreditar los resultados y logros que en busca de mayores niveles de calidad y por tanto de excelencia acad\u00e9mica se han alcanzado. La evaluaci\u00f3n para satisfacci\u00f3n del claustro de la universidad fue de certificada, esto impone un nuevo reto, continuar elevando los niveles de calidad.<\/span><\/li>\n<\/ul>\n<p>&nbsp;<\/p>\n<ul>\n<li><span style=\"font-size: 14pt\">En el informe que dictamin\u00f3 la JAN se expone la falta de herramientas cient\u00edficas que como resultado eval\u00faen los impactos sociales de los procesos y resultados que la universidad ha alcanzado.<\/span><\/li>\n<\/ul>\n<p>&nbsp;<\/p>\n<ul>\n<li><span style=\"font-size: 14pt\">Por otro lado el Centro de Estudios para la Calidad Educacional y Empresarial (CECEE) se ven\u00eda dedicando a la evaluaci\u00f3n de los impactos sociales en las carreras pedag\u00f3gicas, para lo cual dise\u00f1\u00f3 una metodolog\u00eda general, que transita desde una macroevaluaci\u00f3n hasta una microevaluaci\u00f3n del objeto evaluable contribuyendo con sus resultados al proceso de mejora continua como parte del alcance de la excelencia acad\u00e9mica en relaci\u00f3n dial\u00e9ctica con la pertinencia, por consiguiente, la contextualizaci\u00f3n y generalizaci\u00f3n de esta metodolog\u00eda general al resto de las carreras es tarea que se asume por los profesores investigadores de este centro.<\/span><\/li>\n<\/ul>\n<p>&nbsp;<\/p>\n<p><span style=\"font-size: 14pt\">Con la generalizaci\u00f3n de la Metodolog\u00eda general para evaluar el impacto social de la formaci\u00f3n en el contexto y alcance de la Universidad de Camag\u00fcey \u201cIgnacio Agramonte\u201d y como parte del proceso de mejora continua se aspira a crear:<\/span><\/p>\n<ol>\n<li><span style=\"font-size: 14pt\">Una cultura de calidad y para la calidad en correspondencia con la pol\u00edtica econ\u00f3mica y social contempor\u00e1nea y <\/span><\/li>\n<li><span style=\"font-size: 14pt\">Proporcionar\u00a0 una herramienta de trabajo propia para cada carrera, as\u00ed como para los programas acad\u00e9micos y cient\u00edficos que se desarrollan en la universidad.<\/span><\/li>\n<\/ol>\n<p><span style=\"font-size: 14pt\">De esta manera, se reafirma la necesidad de evaluar el impacto social en los procesos sustantivos, adem\u00e1s porque la universidad cuenta con una metodolog\u00eda para este fin, que ya se ha aplicado con buenos resultados y es menester generalizar.<\/span><\/p>\n<p><span style=\"font-size: 14pt\"><strong>OBJETIVO GENERAL DEL PROYECTO: <\/strong>Evaluar el impacto social de la formaci\u00f3n como parte de los procesos de mejora de la calidad en lo personal, lo organizacional y lo social de los procesos y resultados en el contexto y alcance de la Universidad de Camag\u00fcey.<\/span><\/p>\n<p>&nbsp;<\/p>\n<p><strong><span style=\"font-size: 14pt\">PRINCIPALES RESULTADOS PLANIFICADOS EN EL PROYECTO:<\/span><\/strong><\/p>\n<ol>\n<li><span style=\"font-size: 14pt\">Metodolog\u00eda para evaluar los impactos sociales de la formaci\u00f3n en la carrera Ingenier\u00eda Qu\u00edmica.<\/span><\/li>\n<li><span style=\"font-size: 14pt\">Metodolog\u00eda para evaluar los impactos sociales de la formaci\u00f3n en la carrera\u00a0 Licenciatura en Educaci\u00f3n especialidad Bilog\u00eda-Qu\u00edmica.<\/span><\/li>\n<li><span style=\"font-size: 14pt\">Metodolog\u00eda para evaluar los impactos sociales de la formaci\u00f3n continua en la carrera\u00a0\u00a0 Ingenier\u00eda El\u00e9ctrica.<\/span><\/li>\n<li><span style=\"font-size: 14pt\">Metodolog\u00eda para evaluar los impactos sociales de la formaci\u00f3n continua en la carrera Licenciatura en Cultura F\u00edsica y Deporte<\/span><\/li>\n<li><span style=\"font-size: 14pt\">Metodolog\u00eda para evaluar los impactos sociales de la formaci\u00f3n continua en la carrera\u00a0 Licenciatura en Educaci\u00f3n especialidad Logopedia.<\/span><\/li>\n<li><span style=\"font-size: 14pt\">Metodolog\u00eda para evaluar los impactos sociales de la formaci\u00f3n continua en la carrera Licenciatura en Periodismo.<\/span><\/li>\n<li><span style=\"font-size: 14pt\">Metodolog\u00eda para evaluar los impactos sociales de la formaci\u00f3n continua en la carrera\u00a0\u00a0\u00a0\u00a0 Licenciatura en Econom\u00eda.<\/span><\/li>\n<li><span style=\"font-size: 14pt\">Estrategia did\u00e1ctico-metodol\u00f3gica para el tratamiento de la calidad en la formaci\u00f3n del pregrado.<\/span><\/li>\n<li><span style=\"font-size: 14pt\">Concepci\u00f3n te\u00f3rico metodol\u00f3gica de gesti\u00f3n para el proceso de autoevaluaci\u00f3n de la carrera con fines de mejora continua en la UC Ignacio Agramonte Loynaz.<\/span><\/li>\n<li><span style=\"font-size: 14pt\">La evaluaci\u00f3n de la calidad del trabajo metodol\u00f3gico en la UC Ignacio Agramonte Loynaz.<\/span><\/li>\n<li><span style=\"font-size: 14pt\">La evaluaci\u00f3n de la Calidad del proceso de extensi\u00f3n universitaria.<\/span><\/li>\n<li><span style=\"font-size: 14pt\">Estudios tales como indicadores para evaluar la calidad de la infraestructura de los laboratorios docentes y de las buenas pr\u00e1cticas que en ellos se realizan,<\/span><\/li>\n<li><span style=\"font-size: 14pt\">los indicadores a aplicar para evaluar la calidad de los resultados cient\u00edficos generalizados en la universidad.<\/span><\/li>\n<\/ol>\n<\/td>\n<\/tr>\n<\/tbody>\n<\/table>\n","protected":false},"excerpt":{"rendered":"<p>El Centro de estudios para la calidad educacional y empresarial desarrolla como v\u00eda fundamental de investigaci\u00f3n un proyecto institucional el [&hellip;]<\/p>\n","protected":false},"author":12,"featured_media":0,"parent":0,"menu_order":0,"comment_status":"closed","ping_status":"closed","template":"","meta":{"footnotes":""},"class_list":["post-573","page","type-page","status-publish","hentry"],"_links":{"self":[{"href":"https:\/\/www.reduc.edu.cu\/cecee\/wp-json\/wp\/v2\/pages\/573","targetHints":{"allow":["GET"]}}],"collection":[{"href":"https:\/\/www.reduc.edu.cu\/cecee\/wp-json\/wp\/v2\/pages"}],"about":[{"href":"https:\/\/www.reduc.edu.cu\/cecee\/wp-json\/wp\/v2\/types\/page"}],"author":[{"embeddable":true,"href":"https:\/\/www.reduc.edu.cu\/cecee\/wp-json\/wp\/v2\/users\/12"}],"replies":[{"embeddable":true,"href":"https:\/\/www.reduc.edu.cu\/cecee\/wp-json\/wp\/v2\/comments?post=573"}],"version-history":[{"count":1,"href":"https:\/\/www.reduc.edu.cu\/cecee\/wp-json\/wp\/v2\/pages\/573\/revisions"}],"predecessor-version":[{"id":574,"href":"https:\/\/www.reduc.edu.cu\/cecee\/wp-json\/wp\/v2\/pages\/573\/revisions\/574"}],"wp:attachment":[{"href":"https:\/\/www.reduc.edu.cu\/cecee\/wp-json\/wp\/v2\/media?parent=573"}],"curies":[{"name":"wp","href":"https:\/\/api.w.org\/{rel}","templated":true}]}}