{"id":356,"date":"2019-03-29T12:59:20","date_gmt":"2019-03-29T16:59:20","guid":{"rendered":"http:\/\/www.reduc.edu.cu\/cedet\/?page_id=356"},"modified":"2020-03-02T11:28:00","modified_gmt":"2020-03-02T16:28:00","slug":"calidad","status":"publish","type":"page","link":"https:\/\/www.reduc.edu.cu\/cedet\/calidad\/","title":{"rendered":"Calidad"},"content":{"rendered":"<p><span style=\"text-decoration: underline\"><strong>1-&nbsp; PROCEDIIMIIENTO EVALASMAL.<\/strong><\/span><\/p>\n<p style=\"text-align: justify\">El Caso Pr\u00e1ctico EVALASMAL ha sido dise\u00f1ado para reflexionar sobre la problem\u00e1tica que nos encontramos a la hora de elaborar el procedimiento para determinar qu\u00e9 aspectos medioambientales identificados son significativos o no; requisito 4.3.1 Aspectos ambientales de la norma UNE-EN ISO 14001:2004.<\/p>\n<p style=\"text-align: justify\">&nbsp; &nbsp;&nbsp; &nbsp;&nbsp; <a href=\"http:\/\/www.reduc.edu.cu\/cedet\/wp-content\/uploads\/sites\/13\/2019\/03\/1-PROCEDIIMIIENTO-EVALASMAL.pdf\" target=\"_blank\" rel=\"noopener noreferrer\"><img decoding=\"async\" class=\"alignright wp-image-362\" src=\"http:\/\/www.reduc.edu.cu\/cedet\/wp-content\/uploads\/sites\/13\/2019\/03\/boton-descargar-300x101.png\" alt=\"\" width=\"83\" height=\"28\" srcset=\"https:\/\/www.reduc.edu.cu\/cedet\/wp-content\/uploads\/sites\/13\/2019\/03\/boton-descargar-300x101.png 300w, https:\/\/www.reduc.edu.cu\/cedet\/wp-content\/uploads\/sites\/13\/2019\/03\/boton-descargar-150x50.png 150w, https:\/\/www.reduc.edu.cu\/cedet\/wp-content\/uploads\/sites\/13\/2019\/03\/boton-descargar-100x34.png 100w, https:\/\/www.reduc.edu.cu\/cedet\/wp-content\/uploads\/sites\/13\/2019\/03\/boton-descargar.png 348w\" sizes=\"(max-width: 83px) 100vw, 83px\" \/><\/a><\/p>\n<p><span style=\"text-decoration: underline\"><strong>2-&nbsp; PROGRAMA AMBIENTAL.<\/strong><\/span><\/p>\n<p style=\"text-align: justify\">El Caso Pr\u00e1ctico PROGRAMA AMBIENTAL ha sido dise\u00f1ado para practicar en la confecci\u00f3n de un programa de gesti\u00f3n ambiental de una organizaci\u00f3n, teniendo en cuenta todos y cada uno de los requisitos recogidos en el apartado 4.3.3 \u201cObjetivos, metas y programas\u201d de la norma NC ISO 14001:2004.<\/p>\n<p style=\"text-align: justify\"><a href=\"http:\/\/www.reduc.edu.cu\/cedet\/wp-content\/uploads\/sites\/13\/2019\/03\/2-PROGRAMA-AMBIENTAL.pdf\" target=\"_blank\" rel=\"noopener noreferrer\"><img decoding=\"async\" class=\"alignright wp-image-362\" src=\"http:\/\/www.reduc.edu.cu\/cedet\/wp-content\/uploads\/sites\/13\/2019\/03\/boton-descargar-300x101.png\" alt=\"\" width=\"83\" height=\"28\" srcset=\"https:\/\/www.reduc.edu.cu\/cedet\/wp-content\/uploads\/sites\/13\/2019\/03\/boton-descargar-300x101.png 300w, https:\/\/www.reduc.edu.cu\/cedet\/wp-content\/uploads\/sites\/13\/2019\/03\/boton-descargar-150x50.png 150w, https:\/\/www.reduc.edu.cu\/cedet\/wp-content\/uploads\/sites\/13\/2019\/03\/boton-descargar-100x34.png 100w, https:\/\/www.reduc.edu.cu\/cedet\/wp-content\/uploads\/sites\/13\/2019\/03\/boton-descargar.png 348w\" sizes=\"(max-width: 83px) 100vw, 83px\" \/><\/a><\/p>\n<p><span style=\"text-decoration: underline\"><strong>3-&nbsp; CONTROL OPERACIONAL.<\/strong><\/span><\/p>\n<p style=\"text-align: justify\">El Caso Pr\u00e1ctico CONTROL OPERACIONAL ha sido dise\u00f1ado para reflexionar sobre qu\u00e9 actividades hay implicadas en el control de los aspectos ambientales asociados y c\u00f3mo realizarlo.<\/p>\n<p style=\"text-align: justify\"><a href=\"http:\/\/www.reduc.edu.cu\/cedet\/wp-content\/uploads\/sites\/13\/2019\/03\/3-CONTROL-OPERACIONAL.pdf\" target=\"_blank\" rel=\"noopener noreferrer\"><img decoding=\"async\" class=\"alignright wp-image-362\" src=\"http:\/\/www.reduc.edu.cu\/cedet\/wp-content\/uploads\/sites\/13\/2019\/03\/boton-descargar-300x101.png\" alt=\"\" width=\"83\" height=\"28\" srcset=\"https:\/\/www.reduc.edu.cu\/cedet\/wp-content\/uploads\/sites\/13\/2019\/03\/boton-descargar-300x101.png 300w, https:\/\/www.reduc.edu.cu\/cedet\/wp-content\/uploads\/sites\/13\/2019\/03\/boton-descargar-150x50.png 150w, https:\/\/www.reduc.edu.cu\/cedet\/wp-content\/uploads\/sites\/13\/2019\/03\/boton-descargar-100x34.png 100w, https:\/\/www.reduc.edu.cu\/cedet\/wp-content\/uploads\/sites\/13\/2019\/03\/boton-descargar.png 348w\" sizes=\"(max-width: 83px) 100vw, 83px\" \/><\/a><\/p>\n","protected":false},"excerpt":{"rendered":"<p>1-&nbsp; PROCEDIIMIIENTO EVALASMAL. El Caso Pr\u00e1ctico EVALASMAL ha sido dise\u00f1ado para reflexionar sobre la problem\u00e1tica que nos encontramos a la hora de elaborar el procedimiento para determinar qu\u00e9 aspectos medioambientales [&hellip;]<\/p>\n","protected":false},"author":20,"featured_media":0,"parent":0,"menu_order":0,"comment_status":"closed","ping_status":"closed","template":"","meta":{"footnotes":""},"class_list":["post-356","page","type-page","status-publish","hentry"],"_links":{"self":[{"href":"https:\/\/www.reduc.edu.cu\/cedet\/wp-json\/wp\/v2\/pages\/356","targetHints":{"allow":["GET"]}}],"collection":[{"href":"https:\/\/www.reduc.edu.cu\/cedet\/wp-json\/wp\/v2\/pages"}],"about":[{"href":"https:\/\/www.reduc.edu.cu\/cedet\/wp-json\/wp\/v2\/types\/page"}],"author":[{"embeddable":true,"href":"https:\/\/www.reduc.edu.cu\/cedet\/wp-json\/wp\/v2\/users\/20"}],"replies":[{"embeddable":true,"href":"https:\/\/www.reduc.edu.cu\/cedet\/wp-json\/wp\/v2\/comments?post=356"}],"version-history":[{"count":26,"href":"https:\/\/www.reduc.edu.cu\/cedet\/wp-json\/wp\/v2\/pages\/356\/revisions"}],"predecessor-version":[{"id":876,"href":"https:\/\/www.reduc.edu.cu\/cedet\/wp-json\/wp\/v2\/pages\/356\/revisions\/876"}],"wp:attachment":[{"href":"https:\/\/www.reduc.edu.cu\/cedet\/wp-json\/wp\/v2\/media?parent=356"}],"curies":[{"name":"wp","href":"https:\/\/api.w.org\/{rel}","templated":true}]}}