{"id":552,"date":"2019-04-02T11:25:08","date_gmt":"2019-04-02T15:25:08","guid":{"rendered":"http:\/\/www.reduc.edu.cu\/cedet\/calendar\/"},"modified":"2020-03-04T09:34:33","modified_gmt":"2020-03-04T14:34:33","slug":"calendar","status":"publish","type":"page","link":"https:\/\/www.reduc.edu.cu\/cedet\/calendar\/","title":{"rendered":"Calendario"},"content":{"rendered":"<table style=\"width: 100%\" width=\"1416\">\n<tbody>\n<tr>\n<td style=\"width: 101.928%\" colspan=\"11\" width=\"1416\">\n<p>CEDET, PLAN DE TRABAJO, MARZO 2020<\/p>\n<\/td>\n<\/tr>\n<tr>\n<td style=\"width: 5.34483%\" width=\"74\">\n<p>No.<\/p>\n<\/td>\n<td style=\"width: 26.2069%\" colspan=\"2\" width=\"655\">\n<p>ACTIVIDADES Y HORA<\/p>\n<\/td>\n<td style=\"width: 15.5575%\" colspan=\"2\" width=\"132\">\n<p>FECHA<\/p>\n<\/td>\n<td style=\"width: 18.6465%\" colspan=\"2\" width=\"165\">\n<p>LUGAR<\/p>\n<\/td>\n<td style=\"width: 22.6149%\" colspan=\"2\" width=\"215\">\n<p>PARTICIPANTES<\/p>\n<\/td>\n<td style=\"width: 13.5575%\" colspan=\"2\" width=\"174\">\n<p>\u00a0DIRIGE<\/p>\n<\/td>\n<\/tr>\n<tr>\n<td style=\"width: 5.34483%\" width=\"74\">\n<p>0<\/p>\n<\/td>\n<td style=\"width: 26.2069%\" colspan=\"2\" width=\"655\">\n<p>PREDEFENSA ZOILA MADI\u00da QUIROGA G\u00d3MEZ, 10.00<\/p>\n<\/td>\n<td style=\"width: 15.5575%\" colspan=\"2\" width=\"132\">\n<p>10<\/p>\n<\/td>\n<td style=\"width: 18.6465%\" colspan=\"2\" width=\"165\">\n<p>Caonao<\/p>\n<\/td>\n<td style=\"width: 22.6149%\" colspan=\"2\" width=\"215\">\n<p>Profesores<\/p>\n<\/td>\n<td style=\"width: 13.5575%\" colspan=\"2\" width=\"174\">\n<p>Loredo<\/p>\n<\/td>\n<\/tr>\n<tr>\n<td style=\"width: 5.34483%\" width=\"74\">\n<p>1<\/p>\n<\/td>\n<td style=\"width: 26.2069%\" colspan=\"2\" width=\"655\">\n<p>Consejos de Direcci\u00f3n Facultad, 9.00<\/p>\n<\/td>\n<td style=\"width: 15.5575%\" colspan=\"2\" width=\"132\">\n<p>2, 16<\/p>\n<\/td>\n<td style=\"width: 18.6465%\" colspan=\"2\" width=\"165\">\n<p>Decanato<\/p>\n<\/td>\n<td style=\"width: 22.6149%\" colspan=\"2\" width=\"215\">\n<p>Loredo<\/p>\n<\/td>\n<td style=\"width: 13.5575%\" colspan=\"2\" width=\"174\">\n<p>Decano<\/p>\n<\/td>\n<\/tr>\n<tr>\n<td style=\"width: 5.34483%\" width=\"74\">\n<p>2<\/p>\n<\/td>\n<td style=\"width: 26.2069%\" colspan=\"2\" width=\"655\">\n<p>Reuni\u00f3n Sindicato, discusi\u00f3n del presupuesto, 1.30<\/p>\n<\/td>\n<td style=\"width: 15.5575%\" colspan=\"2\" width=\"132\">\n<p>12<\/p>\n<\/td>\n<td style=\"width: 18.6465%\" colspan=\"2\" width=\"165\">\n<p>Aula 201<\/p>\n<\/td>\n<td style=\"width: 22.6149%\" colspan=\"2\" width=\"215\">\n<p>Profesores<\/p>\n<\/td>\n<td style=\"width: 13.5575%\" colspan=\"2\" width=\"174\">\n<p>Esther<\/p>\n<\/td>\n<\/tr>\n<tr>\n<td style=\"width: 5.34483%\" width=\"74\">\n<p>3<\/p>\n<\/td>\n<td style=\"width: 26.2069%\" colspan=\"2\" width=\"655\">\n<p>Reuni\u00f3n PCC, 2.00<\/p>\n<\/td>\n<td style=\"width: 15.5575%\" colspan=\"2\" width=\"132\">\n<p>12<\/p>\n<\/td>\n<td style=\"width: 18.6465%\" colspan=\"2\" width=\"165\">\n<p>Gabinete<\/p>\n<\/td>\n<td style=\"width: 22.6149%\" colspan=\"2\" width=\"215\">\n<p>Militantes<\/p>\n<\/td>\n<td style=\"width: 13.5575%\" colspan=\"2\" width=\"174\">\n<p>Marina<\/p>\n<\/td>\n<\/tr>\n<tr>\n<td style=\"width: 5.34483%\" width=\"74\">\n<p>4<\/p>\n<\/td>\n<td style=\"width: 26.2069%\" colspan=\"2\" width=\"655\">\n<p>Consejo cient\u00edfico facultad, 10.00<\/p>\n<\/td>\n<td style=\"width: 15.5575%\" colspan=\"2\" width=\"132\">\n<p>25<\/p>\n<\/td>\n<td style=\"width: 18.6465%\" colspan=\"2\" width=\"165\">\n<p>Sal\u00f3n conf.<\/p>\n<\/td>\n<td style=\"width: 22.6149%\" colspan=\"2\" width=\"215\">\n<p>Miky, Pedro, Loredo<\/p>\n<\/td>\n<td style=\"width: 13.5575%\" colspan=\"2\" width=\"174\">\n<p>Tamara<\/p>\n<\/td>\n<\/tr>\n<tr>\n<td style=\"width: 5.34483%\" width=\"74\">\n<p>5<\/p>\n<\/td>\n<td style=\"width: 26.2069%\" colspan=\"2\" width=\"655\">\n<p>Reuni\u00f3n del CEDET<\/p>\n<\/td>\n<td style=\"width: 15.5575%\" colspan=\"2\" width=\"132\">\n<p>3<\/p>\n<\/td>\n<td style=\"width: 18.6465%\" colspan=\"2\" width=\"165\">\n<p>Gabinete<\/p>\n<\/td>\n<td style=\"width: 22.6149%\" colspan=\"2\" width=\"215\">\n<p>Profesores<\/p>\n<\/td>\n<td style=\"width: 13.5575%\" colspan=\"2\" width=\"174\">\n<p>Loredo<\/p>\n<\/td>\n<\/tr>\n<tr>\n<td style=\"width: 5.34483%\" width=\"74\">\n<p>6<\/p>\n<\/td>\n<td style=\"width: 26.2069%\" colspan=\"2\" width=\"655\">\n<p>Reuniones acreditaci\u00f3n<\/p>\n<\/td>\n<td style=\"width: 15.5575%\" colspan=\"2\" width=\"132\">\n<p>6, 12, 20<\/p>\n<\/td>\n<td style=\"width: 18.6465%\" colspan=\"2\" width=\"165\">\n<p>Decanato<\/p>\n<\/td>\n<td style=\"width: 22.6149%\" colspan=\"2\" width=\"215\">\n<p>Loredo, Miky, Eva<\/p>\n<\/td>\n<td style=\"width: 13.5575%\" colspan=\"2\" width=\"174\">\n<p>Decano<\/p>\n<\/td>\n<\/tr>\n<tr>\n<td style=\"width: 5.34483%\" width=\"74\">\n<p>7<\/p>\n<\/td>\n<td style=\"width: 26.2069%\" colspan=\"2\" width=\"655\">\n<p>Trabajo voluntario t\/d<\/p>\n<\/td>\n<td style=\"width: 15.5575%\" colspan=\"2\" width=\"132\">\n<p>19<\/p>\n<\/td>\n<td style=\"width: 18.6465%\" colspan=\"2\" width=\"165\">\n<p>CEDET<\/p>\n<\/td>\n<td style=\"width: 22.6149%\" colspan=\"2\" width=\"215\">\n<p>Profesores<\/p>\n<\/td>\n<td style=\"width: 13.5575%\" colspan=\"2\" width=\"174\">\n<p>Secc. Sind.<\/p>\n<\/td>\n<\/tr>\n<tr>\n<td style=\"width: 5.34483%\" width=\"74\">\n<p>8<\/p>\n<\/td>\n<td style=\"width: 26.2069%\" colspan=\"2\" width=\"655\">\n<p>Juegos Ta\u00ednos (inauguraci\u00f3n d\u00eda 3, 8.30 Polivalente)<\/p>\n<\/td>\n<td style=\"width: 15.5575%\" colspan=\"2\" width=\"132\">\n<p>2-20<\/p>\n<\/td>\n<td style=\"width: 18.6465%\" colspan=\"2\" width=\"165\">\n<p>\u00c1reas deportivas<\/p>\n<\/td>\n<td style=\"width: 22.6149%\" colspan=\"2\" width=\"215\">\n<p>Profesores<\/p>\n<\/td>\n<td style=\"width: 13.5575%\" colspan=\"2\" width=\"174\">\n<p>FEU<\/p>\n<\/td>\n<\/tr>\n<tr>\n<td style=\"width: 5.34483%\" width=\"74\">\n<p>9<\/p>\n<\/td>\n<td style=\"width: 26.2069%\" colspan=\"2\" width=\"655\">\n<p>Acreditaci\u00f3n institucional HORARIO CERRADO, EXCEPTO MADI\u00da Y GUBERTO, QUE ASISTEN A ACTIVIDADES PUNTUALES<\/p>\n<\/td>\n<td style=\"width: 15.5575%\" colspan=\"2\" width=\"132\">\n<p>22-27<\/p>\n<\/td>\n<td style=\"width: 18.6465%\" colspan=\"2\" width=\"165\">\n<p>UC<\/p>\n<\/td>\n<td style=\"width: 22.6149%\" colspan=\"2\" width=\"215\">\n<p>Profesores<\/p>\n<\/td>\n<td style=\"width: 13.5575%\" colspan=\"2\" width=\"174\">\n<p>Rector<\/p>\n<\/td>\n<\/tr>\n<tr>\n<td style=\"width: 5.34483%\" width=\"74\">\n<p>10<\/p>\n<\/td>\n<td style=\"width: 26.2069%\" colspan=\"2\" width=\"655\">\n<p>Actualizaci\u00f3n de las bases de datos de doctores, m\u00e1steres y especialistas del claustro de la universidad.\u00a0<\/p>\n<\/td>\n<td style=\"width: 15.5575%\" colspan=\"2\" width=\"132\">\n<p>2-13<\/p>\n<\/td>\n<td style=\"width: 18.6465%\" colspan=\"2\" width=\"165\">\n<p>Postgrado<\/p>\n<\/td>\n<td style=\"width: 22.6149%\" colspan=\"2\" width=\"215\">\n<p>Profesores<\/p>\n<\/td>\n<td style=\"width: 13.5575%\" colspan=\"2\" width=\"174\">\n<p>Dir. Postgrado<\/p>\n<\/td>\n<\/tr>\n<tr>\n<td style=\"width: 5.34483%\" width=\"74\">\n<p>11<\/p>\n<\/td>\n<td style=\"width: 26.2069%\" colspan=\"2\" width=\"655\">\n<p>Taller sobre la visibilidad de los resultados e impactos cient\u00edficos, tecnol\u00f3gicos e innovativos de la UC. 1:30 pm<\/p>\n<\/td>\n<td style=\"width: 15.5575%\" colspan=\"2\" width=\"132\">\n<p>31<\/p>\n<\/td>\n<td style=\"width: 18.6465%\" colspan=\"2\" width=\"165\">\n<p>CEPI<\/p>\n<\/td>\n<td style=\"width: 22.6149%\" colspan=\"2\" width=\"215\">\n<p>Loredo<\/p>\n<\/td>\n<td style=\"width: 13.5575%\" colspan=\"2\" width=\"174\">\n<p>CyT<\/p>\n<\/td>\n<\/tr>\n<tr>\n<td style=\"width: 5.34483%\" width=\"74\">\n<p>12<\/p>\n<\/td>\n<td style=\"width: 26.2069%\" colspan=\"2\" width=\"655\">\n<p>Discusi\u00f3n y firma del plan de resultados del a\u00f1o 2020<\/p>\n<\/td>\n<td style=\"width: 15.5575%\" colspan=\"2\" width=\"132\">\n<p>Hasta el 15<\/p>\n<\/td>\n<td style=\"width: 18.6465%\" colspan=\"2\" width=\"165\">\n<p>Cedet<\/p>\n<\/td>\n<td style=\"width: 22.6149%\" colspan=\"2\" width=\"215\">\n<p>Profesores<\/p>\n<\/td>\n<td style=\"width: 13.5575%\" colspan=\"2\" width=\"174\">\n<p>Loredo<\/p>\n<\/td>\n<\/tr>\n<tr>\n<td style=\"width: 5.34483%\" width=\"74\">\n<p>13<\/p>\n<\/td>\n<td style=\"width: 26.2069%\" colspan=\"2\" width=\"655\">\n<p>Reuni\u00f3n del Consejo T\u00e9cnico Asesor de la Gesti\u00f3n Econ\u00f3mico-Financiera. Regi\u00f3n oriental. Hora: 09:00<\/p>\n<\/td>\n<td style=\"width: 15.5575%\" colspan=\"2\" width=\"132\">\n<p>27<\/p>\n<\/td>\n<td style=\"width: 18.6465%\" colspan=\"2\" width=\"165\">\n<p>ULT<\/p>\n<\/td>\n<td style=\"width: 22.6149%\" colspan=\"2\" width=\"215\">\n<p>\u00bfPedro?<\/p>\n<\/td>\n<td style=\"width: 13.5575%\" colspan=\"2\" width=\"174\">\n<p>MES<\/p>\n<\/td>\n<\/tr>\n<tr>\n<td style=\"width: 5.34483%\" width=\"74\">\n<p>14<\/p>\n<\/td>\n<td style=\"width: 26.2069%\" colspan=\"2\" width=\"655\">\n<p>Control de la Gesti\u00f3n de los CAP sobre el cumplimiento de la preparaci\u00f3n y superaci\u00f3n de los cuadros y reservas, a partir de la funci\u00f3n estatal asignada al MES. Hora: 09:00.<\/p>\n<\/td>\n<td style=\"width: 15.5575%\" colspan=\"2\" width=\"132\">\n<p>25<\/p>\n<\/td>\n<td style=\"width: 18.6465%\" colspan=\"2\" width=\"165\">\n<p>Gobierno<\/p>\n<\/td>\n<td style=\"width: 22.6149%\" colspan=\"2\" width=\"215\">\n<p>Loredo<\/p>\n<\/td>\n<td style=\"width: 13.5575%\" colspan=\"2\" width=\"174\">\n<p>MES<\/p>\n<\/td>\n<\/tr>\n<tr>\n<td style=\"width: 5.34483%\" width=\"74\">\n<p>15<\/p>\n<\/td>\n<td style=\"width: 26.2069%\" colspan=\"2\" width=\"655\">\n<p>XXV F\u00f3rum Nacional\u00a0 de Estudiantes Universitarios\u00a0 de Ciencias Exactas, Naturales, Sociales, Econ\u00f3micas y Human\u00edsticas (Preparaci\u00f3n de estudiantes)<\/p>\n<\/td>\n<td style=\"width: 15.5575%\" colspan=\"2\" width=\"132\">\n<p>t\/m<\/p>\n<\/td>\n<td style=\"width: 18.6465%\" colspan=\"2\" width=\"165\">\n<p>Cedet<\/p>\n<\/td>\n<td style=\"width: 22.6149%\" colspan=\"2\" width=\"215\">\n<p>Guberto, Loredo<\/p>\n<\/td>\n<td style=\"width: 13.5575%\" colspan=\"2\" width=\"174\">\n<p>VDIP<\/p>\n<\/td>\n<\/tr>\n<tr>\n<td style=\"width: 5.34483%\" width=\"74\">\n<p>16<\/p>\n<\/td>\n<td style=\"width: 26.2069%\" colspan=\"2\" width=\"655\">\n<p>Claustro general de la UC 9:00 am<\/p>\n<\/td>\n<td style=\"width: 15.5575%\" colspan=\"2\" width=\"132\">\n<p>7<\/p>\n<\/td>\n<td style=\"width: 18.6465%\" colspan=\"2\" width=\"165\">\n<p>Esc. PCC<\/p>\n<\/td>\n<td style=\"width: 22.6149%\" colspan=\"2\" width=\"215\">\n<p>Oliek, Amyrsa, Loredo (Lissette), Ariel, Rosanni, Marina<\/p>\n<\/td>\n<td style=\"width: 13.5575%\" colspan=\"2\" width=\"174\">\n<p>Rector<\/p>\n<\/td>\n<\/tr>\n<tr>\n<td style=\"width: 5.34483%\" width=\"74\">\n<p>17<\/p>\n<\/td>\n<td style=\"width: 26.2069%\" colspan=\"2\" width=\"655\">\n<p>Consejo Cient\u00edfico. 10:00 am<\/p>\n<\/td>\n<td style=\"width: 15.5575%\" colspan=\"2\" width=\"132\">\n<p>9<\/p>\n<\/td>\n<td style=\"width: 18.6465%\" colspan=\"2\" width=\"165\">\n<p>Rector\u00eda<\/p>\n<\/td>\n<td style=\"width: 22.6149%\" colspan=\"2\" width=\"215\">\n<p>Loredo, Miky<\/p>\n<\/td>\n<td style=\"width: 13.5575%\" colspan=\"2\" width=\"174\">\n<p>Rector<\/p>\n<\/td>\n<\/tr>\n<tr>\n<td style=\"width: 5.34483%\" width=\"74\">\n<p>18<\/p>\n<\/td>\n<td style=\"width: 26.2069%\" colspan=\"2\" width=\"655\">\n<p>Superaci\u00f3n a Cuadros 2:00 pm<\/p>\n<\/td>\n<td style=\"width: 15.5575%\" colspan=\"2\" width=\"132\">\n<p>18<\/p>\n<\/td>\n<td style=\"width: 18.6465%\" colspan=\"2\" width=\"165\">\n<p>Mendive<\/p>\n<\/td>\n<td style=\"width: 22.6149%\" colspan=\"2\" width=\"215\">\n<p>Loredo<\/p>\n<\/td>\n<td style=\"width: 13.5575%\" colspan=\"2\" width=\"174\">\n<p>Rector<\/p>\n<\/td>\n<\/tr>\n<tr>\n<td style=\"width: 5.34483%\" width=\"74\">\n<p>19<\/p>\n<\/td>\n<td style=\"width: 26.2069%\" colspan=\"2\" width=\"655\">\n<p>Clases MAEDIR<\/p>\n<\/td>\n<td style=\"width: 15.5575%\" colspan=\"2\" width=\"132\">\n<p>viernes<\/p>\n<\/td>\n<td style=\"width: 18.6465%\" colspan=\"2\" width=\"165\">\n<p>CEDET<\/p>\n<\/td>\n<td style=\"width: 22.6149%\" colspan=\"2\" width=\"215\">\n<p>Prof. afectado<\/p>\n<\/td>\n<td style=\"width: 13.5575%\" colspan=\"2\" width=\"174\">\n<p>Miky<\/p>\n<\/td>\n<\/tr>\n<tr>\n<td style=\"width: 5.34483%\" width=\"74\">\n<p>20<\/p>\n<\/td>\n<td style=\"width: 26.2069%\" colspan=\"2\" width=\"655\">\n<p>Clases MAEDESREG<\/p>\n<\/td>\n<td style=\"width: 15.5575%\" colspan=\"2\" width=\"132\">\n<p>2\u00aa semana<\/p>\n<\/td>\n<td style=\"width: 18.6465%\" colspan=\"2\" width=\"165\">\n<p>CEDET<\/p>\n<\/td>\n<td style=\"width: 22.6149%\" colspan=\"2\" width=\"215\">\n<p>Prof. afectado<\/p>\n<\/td>\n<td style=\"width: 13.5575%\" colspan=\"2\" width=\"174\">\n<p>Mar\u00eda Elena<\/p>\n<\/td>\n<\/tr>\n<tr>\n<td style=\"width: 5.34483%\" width=\"74\">\n<p>21<\/p>\n<\/td>\n<td style=\"width: 26.2069%\" colspan=\"2\" width=\"655\">\n<p>Predefensas y defensas MAEDIR<\/p>\n<\/td>\n<td style=\"width: 15.5575%\" colspan=\"2\" width=\"132\">\n<p>Martes<\/p>\n<\/td>\n<td style=\"width: 18.6465%\" colspan=\"2\" width=\"165\">\n<p>CEDET<\/p>\n<\/td>\n<td style=\"width: 22.6149%\" colspan=\"2\" width=\"215\">\n<p>Claustro<\/p>\n<\/td>\n<td style=\"width: 13.5575%\" colspan=\"2\" width=\"174\">\n<p>Miky<\/p>\n<\/td>\n<\/tr>\n<tr>\n<td style=\"width: 5.34483%\" width=\"74\">\n<p>22<\/p>\n<\/td>\n<td style=\"width: 26.2069%\" colspan=\"2\" width=\"655\">\n<p>Sesi\u00f3n cient\u00edfica avances de investigaci\u00f3n Osvaldo N\u00e1poles, Guberto C\u00e1novas, aspirante de Gregorio, Mario Murais<\/p>\n<\/td>\n<td style=\"width: 15.5575%\" colspan=\"2\" width=\"132\">\n<p>17<\/p>\n<\/td>\n<td style=\"width: 18.6465%\" colspan=\"2\" width=\"165\">\n<p>CEDET<\/p>\n<\/td>\n<td style=\"width: 22.6149%\" colspan=\"2\" width=\"215\">\n<p>Profesores<\/p>\n<\/td>\n<td style=\"width: 13.5575%\" colspan=\"2\" width=\"174\">\n<p>Loredo<\/p>\n<\/td>\n<\/tr>\n<tr>\n<td style=\"width: 5.34483%\" width=\"74\">\n<p>23<\/p>\n<\/td>\n<td style=\"width: 26.2069%\" colspan=\"2\" width=\"655\">\n<p>Recorridos por cooperativas PRODEGAN, ejecuci\u00f3n de tareas del proyecto<\/p>\n<\/td>\n<td style=\"width: 15.5575%\" colspan=\"2\" width=\"132\">\n<p>s\/plan<\/p>\n<\/td>\n<td style=\"width: 18.6465%\" colspan=\"2\" width=\"165\">\n<p>Cooperativas<\/p>\n<\/td>\n<td style=\"width: 22.6149%\" colspan=\"2\" width=\"215\">\n<p>Equipo PRODEGAN<\/p>\n<\/td>\n<td style=\"width: 13.5575%\" colspan=\"2\" width=\"174\">\n<p>Amyrsa<\/p>\n<\/td>\n<\/tr>\n<tr>\n<td style=\"width: 5.34483%\" width=\"74\">\n<p>24<\/p>\n<\/td>\n<td style=\"width: 26.2069%\" colspan=\"2\" width=\"655\">\n<p>Conferencia en la DIPE, 9.00<\/p>\n<\/td>\n<td style=\"width: 15.5575%\" colspan=\"2\" width=\"132\">\n<p>19<\/p>\n<\/td>\n<td style=\"width: 18.6465%\" colspan=\"2\" width=\"165\">\n<p>DIPE<\/p>\n<\/td>\n<td style=\"width: 22.6149%\" colspan=\"2\" width=\"215\">\n<p>Ariel<\/p>\n<\/td>\n<td style=\"width: 13.5575%\" colspan=\"2\" width=\"174\">\n<p>Loredo<\/p>\n<\/td>\n<\/tr>\n<tr>\n<td style=\"width: 5.34483%\" width=\"74\">\n<p>25<\/p>\n<\/td>\n<td style=\"width: 26.2069%\" colspan=\"2\" width=\"655\">\n<p>Autoevaluaci\u00f3n AUIP de los tres programas<\/p>\n<\/td>\n<td style=\"width: 15.5575%\" colspan=\"2\" width=\"132\">\n<p>T\/m<\/p>\n<\/td>\n<td style=\"width: 18.6465%\" colspan=\"2\" width=\"165\">\n<p>CEDET<\/p>\n<\/td>\n<td style=\"width: 22.6149%\" colspan=\"2\" width=\"215\">\n<p>Profesores implicados<\/p>\n<\/td>\n<td style=\"width: 13.5575%\" colspan=\"2\" width=\"174\">\n<p>Loredo<\/p>\n<\/td>\n<\/tr>\n<tr>\n<td style=\"width: 5.34483%\" width=\"74\">\n<p>26<\/p>\n<\/td>\n<td style=\"width: 26.2069%\" colspan=\"2\" width=\"655\">\n<p>Seminario No. 1 del programa doctoral<\/p>\n<\/td>\n<td style=\"width: 15.5575%\" colspan=\"2\" width=\"132\">\n<p>Por fijar<\/p>\n<\/td>\n<td style=\"width: 18.6465%\" colspan=\"2\" width=\"165\">\n<p>CEDET<\/p>\n<\/td>\n<td style=\"width: 22.6149%\" colspan=\"2\" width=\"215\">\n<p>Guberto<\/p>\n<\/td>\n<td style=\"width: 13.5575%\" colspan=\"2\" width=\"174\">\n<p>Gregorio, Eva, Loredo<\/p>\n<\/td>\n<\/tr>\n<tr>\n<td style=\"width: 5.34483%\" width=\"74\">\n<p>27<\/p>\n<\/td>\n<td style=\"width: 26.2069%\" colspan=\"2\" width=\"655\">\n<p>Sesi\u00f3n de trabajo Sistema Integrado de Gesti\u00f3n. Presentaci\u00f3n de proyecto<\/p>\n<\/td>\n<td style=\"width: 15.5575%\" colspan=\"2\" width=\"132\">\n<p>24<\/p>\n<\/td>\n<td style=\"width: 18.6465%\" colspan=\"2\" width=\"165\">\n<p>CEDET<\/p>\n<\/td>\n<td style=\"width: 22.6149%\" colspan=\"2\" width=\"215\">\n<p>Profesores<\/p>\n<\/td>\n<td style=\"width: 13.5575%\" colspan=\"2\" width=\"174\">\n<p>Loredo<\/p>\n<\/td>\n<\/tr>\n<tr>\n<td style=\"width: 5.34483%\" width=\"74\">\n<p>28<\/p>\n<\/td>\n<td style=\"width: 26.2069%\" colspan=\"2\" width=\"655\">\n<p>Taller avances Rosanni y Leticia<\/p>\n<\/td>\n<td style=\"width: 15.5575%\" colspan=\"2\" width=\"132\">\n<p>31<\/p>\n<\/td>\n<td style=\"width: 18.6465%\" colspan=\"2\" width=\"165\">\n<p>CEDET<\/p>\n<\/td>\n<td style=\"width: 22.6149%\" colspan=\"2\" width=\"215\">\n<p>Profesores<\/p>\n<\/td>\n<td style=\"width: 13.5575%\" colspan=\"2\" width=\"174\">\n<p>Loredo<\/p>\n<\/td>\n<\/tr>\n<tr>\n<td style=\"width: 5.34483%\" width=\"74\">\n<p>29<\/p>\n<\/td>\n<td style=\"width: 26.2069%\" colspan=\"2\" width=\"655\">\n<p>Presentaci\u00f3n resultados autoevaluaci\u00f3n preliminar AUIP<\/p>\n<\/td>\n<td style=\"width: 15.5575%\" colspan=\"2\" width=\"132\">\n<p>31<\/p>\n<\/td>\n<td style=\"width: 18.6465%\" colspan=\"2\" width=\"165\">\n<p>CEDET<\/p>\n<\/td>\n<td style=\"width: 22.6149%\" colspan=\"2\" width=\"215\">\n<p>Profesores<\/p>\n<\/td>\n<td style=\"width: 13.5575%\" colspan=\"2\" width=\"174\">\n<p>Loredo, Miky, Mar\u00eda Elena<\/p>\n<\/td>\n<\/tr>\n<tr>\n<td style=\"width: 5.34483%\" width=\"74\">\n<p>30<\/p>\n<\/td>\n<td style=\"width: 26.2069%\" colspan=\"2\" width=\"655\">\n<p>Curso a Intendentes (primera actividad)<\/p>\n<\/td>\n<td style=\"width: 15.5575%\" colspan=\"2\" width=\"132\">\n<p>Por fijar<\/p>\n<\/td>\n<td style=\"width: 18.6465%\" colspan=\"2\" width=\"165\">\n<p>Gobierno<\/p>\n<\/td>\n<td style=\"width: 22.6149%\" colspan=\"2\" width=\"215\">\n<p>Pedro<\/p>\n<\/td>\n<td style=\"width: 13.5575%\" colspan=\"2\" width=\"174\">\n<p>Loredo<\/p>\n<\/td>\n<\/tr>\n<tr>\n<td style=\"width: 5.34483%\" width=\"74\">\n<p>31<\/p>\n<\/td>\n<td style=\"width: 24.4828%\" width=\"654\">\n<p>Comit\u00e9 Acad\u00e9mico del Doctorado<\/p>\n<\/td>\n<td style=\"width: 10.523%\" colspan=\"2\" width=\"132\">\n<p>31<\/p>\n<\/td>\n<td style=\"width: 15.773%\" colspan=\"2\" width=\"165\">\n<p>CEDET<\/p>\n<\/td>\n<td style=\"width: 20.6609%\" colspan=\"2\" width=\"215\">\n<p>Miembros<\/p>\n<\/td>\n<td style=\"width: 24.6264%\" colspan=\"2\" width=\"174\">\n<p>Loredo<\/p>\n<\/td>\n<td style=\"width: 0.517241%\" width=\"1\">\n<p>\u00a0<\/p>\n<\/td>\n<\/tr>\n<tr>\n<td style=\"width: 5.34483%\" width=\"74\">\n<p>32<\/p>\n<\/td>\n<td style=\"width: 24.4828%\" width=\"654\">\n<p>Diplomados AP y DGE<\/p>\n<\/td>\n<td style=\"width: 10.523%\" colspan=\"2\" width=\"132\">\n<p>Todo el mes<\/p>\n<\/td>\n<td style=\"width: 15.773%\" colspan=\"2\" width=\"165\">\n<p>Esc. PCC<\/p>\n<\/td>\n<td style=\"width: 20.6609%\" colspan=\"2\" width=\"215\">\n<p>Profesores<\/p>\n<\/td>\n<td style=\"width: 24.6264%\" colspan=\"2\" width=\"174\">\n<p>Marina, Flor<\/p>\n<\/td>\n<td style=\"width: 0.517241%\" width=\"1\">\n<p>\u00a0<\/p>\n<\/td>\n<\/tr>\n<\/tbody>\n<\/table>\n<p><a href=\"https:\/\/www.reduc.edu.cu\/cedet\/wp-content\/uploads\/sites\/13\/2020\/03\/PT-CEDET-marzo.docx\">Descarguelo Aqu\u00ed<\/a><\/p>\n\n","protected":false},"excerpt":{"rendered":"<p>CEDET, PLAN DE TRABAJO, MARZO 2020 No. ACTIVIDADES Y HORA FECHA LUGAR PARTICIPANTES \u00a0DIRIGE 0 PREDEFENSA ZOILA MADI\u00da QUIROGA G\u00d3MEZ, 10.00 10 Caonao Profesores Loredo 1 Consejos de Direcci\u00f3n Facultad, [&hellip;]<\/p>\n","protected":false},"author":20,"featured_media":0,"parent":0,"menu_order":0,"comment_status":"closed","ping_status":"closed","template":"","meta":{"footnotes":""},"class_list":["post-552","page","type-page","status-publish","hentry"],"_links":{"self":[{"href":"https:\/\/www.reduc.edu.cu\/cedet\/wp-json\/wp\/v2\/pages\/552","targetHints":{"allow":["GET"]}}],"collection":[{"href":"https:\/\/www.reduc.edu.cu\/cedet\/wp-json\/wp\/v2\/pages"}],"about":[{"href":"https:\/\/www.reduc.edu.cu\/cedet\/wp-json\/wp\/v2\/types\/page"}],"author":[{"embeddable":true,"href":"https:\/\/www.reduc.edu.cu\/cedet\/wp-json\/wp\/v2\/users\/20"}],"replies":[{"embeddable":true,"href":"https:\/\/www.reduc.edu.cu\/cedet\/wp-json\/wp\/v2\/comments?post=552"}],"version-history":[{"count":4,"href":"https:\/\/www.reduc.edu.cu\/cedet\/wp-json\/wp\/v2\/pages\/552\/revisions"}],"predecessor-version":[{"id":892,"href":"https:\/\/www.reduc.edu.cu\/cedet\/wp-json\/wp\/v2\/pages\/552\/revisions\/892"}],"wp:attachment":[{"href":"https:\/\/www.reduc.edu.cu\/cedet\/wp-json\/wp\/v2\/media?parent=552"}],"curies":[{"name":"wp","href":"https:\/\/api.w.org\/{rel}","templated":true}]}}