{"id":1080,"date":"2019-12-05T13:12:01","date_gmt":"2019-12-05T13:12:01","guid":{"rendered":"https:\/\/www.reduc.edu.cu\/cemtur\/?page_id=1080"},"modified":"2019-12-09T15:29:52","modified_gmt":"2019-12-09T15:29:52","slug":"programa-general-iii-seminario-de-competitividad-turistica","status":"publish","type":"page","link":"https:\/\/www.reduc.edu.cu\/cemtur\/programa-general-iii-seminario-de-competitividad-turistica\/","title":{"rendered":"Programa General &#8211; III Seminario de Competitividad Tur\u00edstica"},"content":{"rendered":"\t\t<div data-elementor-type=\"wp-page\" data-elementor-id=\"1080\" class=\"elementor elementor-1080\">\n\t\t\t\t\t\t<section class=\"elementor-section elementor-top-section elementor-element elementor-element-6c73bb1 elementor-section-boxed elementor-section-height-default elementor-section-height-default\" data-id=\"6c73bb1\" data-element_type=\"section\" data-e-type=\"section\">\n\t\t\t\t\t\t<div class=\"elementor-container elementor-column-gap-default\">\n\t\t\t\t\t<div class=\"elementor-column elementor-col-100 elementor-top-column elementor-element elementor-element-a43621a\" data-id=\"a43621a\" data-element_type=\"column\" data-e-type=\"column\">\n\t\t\t<div class=\"elementor-widget-wrap elementor-element-populated\">\n\t\t\t\t\t\t<div class=\"elementor-element elementor-element-9c8aa3a elementor-alert-info elementor-widget elementor-widget-alert\" data-id=\"9c8aa3a\" data-element_type=\"widget\" data-e-type=\"widget\" data-widget_type=\"alert.default\">\n\t\t\t\t<div class=\"elementor-widget-container\">\n\t\t\t\t\t\t\t<div class=\"elementor-alert\" role=\"alert\">\n\n\t\t\t\t\t\t<span class=\"elementor-alert-title\">Centro de Capacitaci\u00f3n del Turismo en Camag\u00fcey. Centro de Estudios Multidisciplinarios del Turismo (CEMTUR), Universidad de Camag\u00fcey. III Seminario <\/span>\n\t\t\t\n\t\t\t\n\t\t\t\t\t\t<button type=\"button\" class=\"elementor-alert-dismiss\" aria-label=\"Descartar esta alerta.\">\n\t\t\t\t\t\t\t\t\t<span aria-hidden=\"true\">&times;<\/span>\n\t\t\t\t\t\t\t<\/button>\n\t\t\t\n\t\t<\/div>\n\t\t\t\t\t\t<\/div>\n\t\t\t\t<\/div>\n\t\t\t\t\t<\/div>\n\t\t<\/div>\n\t\t\t\t\t<\/div>\n\t\t<\/section>\n\t\t\t\t<section class=\"elementor-section elementor-top-section elementor-element elementor-element-6a0ba83 elementor-section-boxed elementor-section-height-default elementor-section-height-default\" data-id=\"6a0ba83\" data-element_type=\"section\" data-e-type=\"section\">\n\t\t\t\t\t\t<div class=\"elementor-container elementor-column-gap-default\">\n\t\t\t\t\t<div class=\"elementor-column elementor-col-50 elementor-top-column elementor-element elementor-element-bd77ac5\" data-id=\"bd77ac5\" data-element_type=\"column\" data-e-type=\"column\">\n\t\t\t<div class=\"elementor-widget-wrap elementor-element-populated\">\n\t\t\t\t\t\t<div class=\"elementor-element elementor-element-304fa66 elementor-widget elementor-widget-text-editor\" data-id=\"304fa66\" data-element_type=\"widget\" data-e-type=\"widget\" data-widget_type=\"text-editor.default\">\n\t\t\t\t<div class=\"elementor-widget-container\">\n\t\t\t\t\t\t\t\t\t<blockquote><p><mark><span style=\"font-family: arial,helvetica,sans-serif\"><strong>Programa General<\/strong><\/span><\/mark><\/p><\/blockquote><p style=\"text-align: left\"><span style=\"font-family: arial,helvetica,sans-serif\"><strong><u>10 de diciembre. <\/u><\/strong><\/span><\/p><p style=\"text-align: left\"><span style=\"font-family: arial,helvetica,sans-serif\"><strong>9.00 a.m.<\/strong> Palabras de apertura por la Lic. Yunesky Canteli Gonz\u00e1lez, Delegada del Turismo en Camag\u00fcey.<\/span><\/p><p style=\"text-align: left\"><span style=\"font-family: arial,helvetica,sans-serif\"><strong>9.15 a.m.<\/strong> Conferencia Magistral \u00abEl estado del turismo en el Caribe\u00bb por el Dr.C. Jos\u00e9 Luis Perell\u00f3 Cabrera, Profesor Titular UH.<br \/><\/span><\/p><p style=\"text-align: left\"><span style=\"font-family: arial,helvetica,sans-serif\"><strong>10.00 a.m.<\/strong> Conferencia Magistral \u201cPerspectivas del desarrollo del turismo en Cuba\u201d por el Lic. Alexander Sierra Bouzas, Director de Desarrollo del Ministerio de Turismo.<br \/><\/span><\/p><blockquote><p><mark><strong>11 al 18 de diciembre. Trabajo en Comisiones.<\/strong><\/mark><\/p><\/blockquote>\t\t\t\t\t\t\t\t<\/div>\n\t\t\t\t<\/div>\n\t\t\t\t\t<\/div>\n\t\t<\/div>\n\t\t\t\t<div class=\"elementor-column elementor-col-50 elementor-top-column elementor-element elementor-element-517a705\" data-id=\"517a705\" data-element_type=\"column\" data-e-type=\"column\">\n\t\t\t<div class=\"elementor-widget-wrap elementor-element-populated\">\n\t\t\t\t\t\t<div class=\"elementor-element elementor-element-a212da2 elementor-widget elementor-widget-text-editor\" data-id=\"a212da2\" data-element_type=\"widget\" data-e-type=\"widget\" data-widget_type=\"text-editor.default\">\n\t\t\t\t<div class=\"elementor-widget-container\">\n\t\t\t\t\t\t\t\t\t<blockquote><p><mark><strong>Comisi\u00f3n No. 1: Alimentos y Bebidas<\/strong><\/mark><\/p><\/blockquote><ol><li>La cocina camag\u00fceyana como atractivo tur\u00edstico. Una aplicaci\u00f3n para m\u00f3viles.<\/li><li>Aplicaci\u00f3n para m\u00f3vil \u201cCocteler\u00eda camag\u00fceyana\u201d<\/li><li>\u00cdndice de Accesibilidad de Restaurantes bajo el concepto de Turismo Accesible.<\/li><li>Dise\u00f1o del sistema de gesti\u00f3n del proceso de alimentos y bebidas en el Kurhotel \u201cEscambray\u201d.<\/li><li>Identificaci\u00f3n de platos t\u00edpicos camag\u00fceyanos.<\/li><li>Propuesta metodol\u00f3gica del sistema de costo basado en actividades (ABC\/ABM) para alimentos y bebidas en el hotel Cadillac.<\/li><\/ol><p>Discusi\u00f3n en l\u00ednea 16 de diciembre de 8.00 a.m. a 12.00 m.<\/p><p><strong>Moderador: MSc. Jes\u00fas M. Rodr\u00edguez Rubino.<\/strong><\/p>\t\t\t\t\t\t\t\t<\/div>\n\t\t\t\t<\/div>\n\t\t\t\t\t<\/div>\n\t\t<\/div>\n\t\t\t\t\t<\/div>\n\t\t<\/section>\n\t\t\t\t<section class=\"elementor-section elementor-top-section elementor-element elementor-element-76d78d1 elementor-section-boxed elementor-section-height-default elementor-section-height-default\" data-id=\"76d78d1\" data-element_type=\"section\" data-e-type=\"section\">\n\t\t\t\t\t\t<div class=\"elementor-container elementor-column-gap-default\">\n\t\t\t\t\t<div class=\"elementor-column elementor-col-50 elementor-top-column elementor-element elementor-element-13bd340\" data-id=\"13bd340\" data-element_type=\"column\" data-e-type=\"column\">\n\t\t\t<div class=\"elementor-widget-wrap elementor-element-populated\">\n\t\t\t\t\t\t<div class=\"elementor-element elementor-element-4ff4eae elementor-widget elementor-widget-text-editor\" data-id=\"4ff4eae\" data-element_type=\"widget\" data-e-type=\"widget\" data-widget_type=\"text-editor.default\">\n\t\t\t\t<div class=\"elementor-widget-container\">\n\t\t\t\t\t\t\t\t\t<blockquote><p><mark><strong>Comisi\u00f3n No. 2: Gesti\u00f3n por Competencias<\/strong><\/mark><\/p><\/blockquote><ol><li>Procedimiento para la identificaci\u00f3n, validaci\u00f3n y certificaci\u00f3n de las competencias directivas en la direcci\u00f3n hotelera del Kurhotel \u201cEscambray\u201d.<\/li><li><strong> <\/strong>Las competencias socio-emocionales y su aplicabilidad en la calidad de la gesti\u00f3n del desempe\u00f1o en profesionales del turismo.<\/li><li>Community Manager o gestor de redes sociales. Perfil del cargo por competencias para entidades tur\u00edsticas.<\/li><\/ol><p>Discusi\u00f3n en l\u00ednea 16 de diciembre de 2.00 p.m. a 5.00 p.m.<\/p><p><strong>Moderador: MSc. Yuli\u00e9n Estrada Rodr\u00edguez<\/strong><\/p>\t\t\t\t\t\t\t\t<\/div>\n\t\t\t\t<\/div>\n\t\t\t\t\t<\/div>\n\t\t<\/div>\n\t\t\t\t<div class=\"elementor-column elementor-col-50 elementor-top-column elementor-element elementor-element-8f39834\" data-id=\"8f39834\" data-element_type=\"column\" data-e-type=\"column\">\n\t\t\t<div class=\"elementor-widget-wrap elementor-element-populated\">\n\t\t\t\t\t\t<div class=\"elementor-element elementor-element-a781f9b elementor-widget elementor-widget-text-editor\" data-id=\"a781f9b\" data-element_type=\"widget\" data-e-type=\"widget\" data-widget_type=\"text-editor.default\">\n\t\t\t\t<div class=\"elementor-widget-container\">\n\t\t\t\t\t\t\t\t\t<blockquote><p><mark><strong>Comisi\u00f3n No. 3. Herramientas de Gesti\u00f3n<\/strong><\/mark><\/p><\/blockquote><ol><li>Evaluaci\u00f3n del control interno en las entidades del turismo. Procedimientos aplicados.<\/li><li>Estrategias para la comunicaci\u00f3n organizacional interna del Mintur en Camag\u00fcey.<\/li><li>Propuesta de una herramienta para medir la satisfacci\u00f3n de los clientes de las Tiendas Hoteleras en la Habana perteneciente a la Empresa Comercial Caracol S.A.<\/li><li>Acciones estrat\u00e9gicas de marketing digital del producto Hoteles E Cubanac\u00e1n Camag\u00fcey.<\/li><li>Procedimiento para la implementaci\u00f3n de un sistema de gesti\u00f3n de la calidad con NC-ISO 9001:2015<\/li><li>Tecnolog\u00eda para la gesti\u00f3n de riesgos empresariales.<\/li><li>Las redes sociales en la hoteler\u00eda. Caso Camag\u00fcey, Cuba.<\/li><\/ol><p>Discusi\u00f3n en l\u00ednea 17 de diciembre de 8.00 a.m. a 12.00 m.<\/p><p><strong>Moderador: MSc. Carlos Ruiz N\u00fa\u00f1ez<\/strong><\/p>\t\t\t\t\t\t\t\t<\/div>\n\t\t\t\t<\/div>\n\t\t\t\t\t<\/div>\n\t\t<\/div>\n\t\t\t\t\t<\/div>\n\t\t<\/section>\n\t\t\t\t<section class=\"elementor-section elementor-top-section elementor-element elementor-element-212857a elementor-section-boxed elementor-section-height-default elementor-section-height-default\" data-id=\"212857a\" data-element_type=\"section\" data-e-type=\"section\">\n\t\t\t\t\t\t<div class=\"elementor-container elementor-column-gap-default\">\n\t\t\t\t\t<div class=\"elementor-column elementor-col-50 elementor-top-column elementor-element elementor-element-cd78d8c\" data-id=\"cd78d8c\" data-element_type=\"column\" data-e-type=\"column\">\n\t\t\t<div class=\"elementor-widget-wrap elementor-element-populated\">\n\t\t\t\t\t\t<div class=\"elementor-element elementor-element-9388b85 elementor-widget elementor-widget-text-editor\" data-id=\"9388b85\" data-element_type=\"widget\" data-e-type=\"widget\" data-widget_type=\"text-editor.default\">\n\t\t\t\t<div class=\"elementor-widget-container\">\n\t\t\t\t\t\t\t\t\t<blockquote><p><mark><strong>Comisi\u00f3n No. 4. Hoteler\u00eda<\/strong><\/mark><\/p><\/blockquote><ol><li>Acciones para la mejora continua de los indicadores e \u00edndices de eficiencia en el Complejo Hotelero Trinidad Ciudad.<\/li><li>Propuesta de gesti\u00f3n medio ambiental para el Hotel Arenal.<\/li><li>Diagn\u00f3stico de los factores que afectan la decoraci\u00f3n de habitaciones en los hoteles ISLAZUL Camag\u00fcey.<\/li><\/ol><p>Discusi\u00f3n en l\u00ednea 17 de diciembre de 2.00 p.m. a 5.00 p.m.<\/p><p><strong>Moderador: MSc. Eduardo Escobar Aguiar<\/strong><\/p>\t\t\t\t\t\t\t\t<\/div>\n\t\t\t\t<\/div>\n\t\t\t\t<div class=\"elementor-element elementor-element-807405c elementor-widget elementor-widget-text-editor\" data-id=\"807405c\" data-element_type=\"widget\" data-e-type=\"widget\" data-widget_type=\"text-editor.default\">\n\t\t\t\t<div class=\"elementor-widget-container\">\n\t\t\t\t\t\t\t\t\t<blockquote><p><mark><strong><u>19 de diciembre. Clausura<\/u><\/strong><\/mark><\/p><p><mark>9.00 a.m. Relator\u00eda del evento (Videoconferencia)<\/mark><\/p><p><mark>9.15 a.m. Conclusiones.<\/mark><\/p><\/blockquote>\t\t\t\t\t\t\t\t<\/div>\n\t\t\t\t<\/div>\n\t\t\t\t\t<\/div>\n\t\t<\/div>\n\t\t\t\t<div class=\"elementor-column elementor-col-50 elementor-top-column elementor-element elementor-element-081a190\" data-id=\"081a190\" data-element_type=\"column\" data-e-type=\"column\">\n\t\t\t<div class=\"elementor-widget-wrap elementor-element-populated\">\n\t\t\t\t\t\t<div class=\"elementor-element elementor-element-75c855c elementor-widget elementor-widget-text-editor\" data-id=\"75c855c\" data-element_type=\"widget\" data-e-type=\"widget\" data-widget_type=\"text-editor.default\">\n\t\t\t\t<div class=\"elementor-widget-container\">\n\t\t\t\t\t\t\t\t\t<blockquote><p><mark><strong>Comisi\u00f3n No. 5. Productos y Destinos Tur\u00edsticos<\/strong><\/mark><\/p><\/blockquote><ol><li>Dise\u00f1o de un programa de animaci\u00f3n sociocultural para el Bodeg\u00f3n Don Cayetano de la ciudad de Camag\u00fcey.<\/li><li>Cayo Pared\u00f3n. Una aproximaci\u00f3n al conocimiento de sus valores patrimoniales.<\/li><li>Potencialidades para el desarrollo del turismo de cruceros en Nuevitas.<\/li><li>Proyecto de desarrollo local Cayo Damas: Diagn\u00f3stico y estrategias, principales resultados.<\/li><li>Programas de Turismo para el desarrollo local: Caso Territorio Guam\u00e1.<\/li><li>An\u00e1lisis de la identidad visual de Cuba como Destino Tur\u00edstico a trav\u00e9s de sus campa\u00f1as publicitarias e identificadores.<\/li><li>Algunas limitaciones en la gesti\u00f3n comercial tur\u00edstica que influyen en la competitividad de la regi\u00f3n de La Habana.<\/li><li>Actualizaci\u00f3n del producto tur\u00edstico Ranch\u00f3n Anc\u00f3n y sus resultados en la gesti\u00f3n comercial<\/li><li>Gu\u00eda metodol\u00f3gica para desarrollar el turismo de crucero en la comunidad de puerto padre<\/li><li>Plan de acci\u00f3n para el desarrollo del Valle Santa Rosa como recurso tur\u00edstico.<\/li><\/ol><p>Discusi\u00f3n en l\u00ednea 18 de diciembre de 8.00 a.m. a 12.00 m.<\/p><p><strong>Moderador: Dra.C. Mar\u00eda Elena Betancourt Garc\u00eda<\/strong><\/p>\t\t\t\t\t\t\t\t<\/div>\n\t\t\t\t<\/div>\n\t\t\t\t\t<\/div>\n\t\t<\/div>\n\t\t\t\t\t<\/div>\n\t\t<\/section>\n\t\t\t\t<\/div>\n\t\t","protected":false},"excerpt":{"rendered":"<p>Centro de Capacitaci\u00f3n del Turismo en Camag\u00fcey. Centro de Estudios Multidisciplinarios del Turismo (CEMTUR), Universidad de Camag\u00fcey. III Seminario &times; Dismiss alert Programa General 10 de diciembre. 9.00 a.m. Palabras de apertura por la Lic. Yunesky Canteli Gonz\u00e1lez, Delegada del Turismo en Camag\u00fcey. 9.15 a.m. Conferencia Magistral \u00abEl estado del turismo en el Caribe\u00bb por [&hellip;]<\/p>\n","protected":false},"author":19,"featured_media":0,"parent":0,"menu_order":0,"comment_status":"closed","ping_status":"closed","template":"template\/template-page-full-width.php","meta":{"footnotes":""},"class_list":["post-1080","page","type-page","status-publish","hentry"],"_links":{"self":[{"href":"https:\/\/www.reduc.edu.cu\/cemtur\/wp-json\/wp\/v2\/pages\/1080","targetHints":{"allow":["GET"]}}],"collection":[{"href":"https:\/\/www.reduc.edu.cu\/cemtur\/wp-json\/wp\/v2\/pages"}],"about":[{"href":"https:\/\/www.reduc.edu.cu\/cemtur\/wp-json\/wp\/v2\/types\/page"}],"author":[{"embeddable":true,"href":"https:\/\/www.reduc.edu.cu\/cemtur\/wp-json\/wp\/v2\/users\/19"}],"replies":[{"embeddable":true,"href":"https:\/\/www.reduc.edu.cu\/cemtur\/wp-json\/wp\/v2\/comments?post=1080"}],"version-history":[{"count":8,"href":"https:\/\/www.reduc.edu.cu\/cemtur\/wp-json\/wp\/v2\/pages\/1080\/revisions"}],"predecessor-version":[{"id":1097,"href":"https:\/\/www.reduc.edu.cu\/cemtur\/wp-json\/wp\/v2\/pages\/1080\/revisions\/1097"}],"wp:attachment":[{"href":"https:\/\/www.reduc.edu.cu\/cemtur\/wp-json\/wp\/v2\/media?parent=1080"}],"curies":[{"name":"wp","href":"https:\/\/api.w.org\/{rel}","templated":true}]}}