{"id":209,"date":"2018-12-14T18:35:40","date_gmt":"2018-12-14T18:35:40","guid":{"rendered":"http:\/\/www.reduc.edu.cu\/cemtur\/?page_id=209"},"modified":"2019-10-03T13:23:06","modified_gmt":"2019-10-03T13:23:06","slug":"msc-geiser-perera-tellez","status":"publish","type":"page","link":"https:\/\/www.reduc.edu.cu\/cemtur\/msc-geiser-perera-tellez\/","title":{"rendered":"MSc. Geiser Perera T\u00e9llez"},"content":{"rendered":"\t\t<div data-elementor-type=\"wp-post\" data-elementor-id=\"209\" class=\"elementor elementor-209\">\n\t\t\t\t\t\t<section class=\"elementor-section elementor-top-section elementor-element elementor-element-2e9f252 elementor-section-boxed elementor-section-height-default elementor-section-height-default\" data-id=\"2e9f252\" data-element_type=\"section\" data-e-type=\"section\">\n\t\t\t\t\t\t<div class=\"elementor-container elementor-column-gap-default\">\n\t\t\t\t\t<div class=\"elementor-column elementor-col-50 elementor-top-column elementor-element elementor-element-8de285e\" data-id=\"8de285e\" data-element_type=\"column\" data-e-type=\"column\">\n\t\t\t<div class=\"elementor-widget-wrap elementor-element-populated\">\n\t\t\t\t\t\t<div class=\"elementor-element elementor-element-6b099de elementor-widget elementor-widget-html\" data-id=\"6b099de\" data-element_type=\"widget\" data-e-type=\"widget\" data-widget_type=\"html.default\">\n\t\t\t\t<div class=\"elementor-widget-container\">\n\t\t\t\t\t<img fetchpriority=\"high\" decoding=\"async\" src=\"http:\/\/www.reduc.edu.cu\/cemtur\/wp-content\/uploads\/sites\/14\/2019\/03\/Geiser_Tellez.jpg\" class=\"avatar wp-post-image\" alt=\"Rob Williams\" srcset=\"http:\/\/www.reduc.edu.cu\/cemtur\/wp-content\/uploads\/sites\/14\/2019\/03\/Geiser_Tellez.jpg 470w, http:\/\/www.reduc.edu.cu\/cemtur\/wp-content\/uploads\/sites\/14\/2019\/03\/Geiser_Tellez.jpg 300w, http:\/\/www.reduc.edu.cu\/cemtur\/wp-content\/uploads\/sites\/14\/2019\/03\/Geiser_Tellez.jpg 100w, http:\/\/www.reduc.edu.cu\/cemtur\/wp-content\/uploads\/sites\/14\/2019\/03\/Geiser_Tellez.jpg 150w, http:\/\/www.reduc.edu.cu\/cemtur\/wp-content\/uploads\/sites\/14\/2019\/03\/Geiser_Tellez.jpgg 460w, http:\/\/www.reduc.edu.cu\/cemtur\/wp-content\/uploads\/sites\/14\/2019\/03\/Geiser_Tellez.jpg 104w, http:\/\/www.reduc.edu.cu\/cemtur\/wp-content\/uploads\/sites\/14\/2019\/03\/Geiser_Tellez.jpg 370w, http:\/\/www.reduc.edu.cu\/cemtur\/wp-content\/uploads\/sites\/14\/2019\/03\/Geiser_Tellez.jpg 75w, http:\/\/www.reduc.edu.cu\/cemtur\/wp-content\/uploads\/sites\/14\/2019\/03\/Geiser_Tellez.jpg 270w, http:\/\/www.reduc.edu.cu\/cemtur\/wp-content\/uploads\/sites\/14\/2019\/03\/Geiser_Tellez.jpg 400w, http:\/\/www.reduc.edu.cu\/cemtur\/wp-content\/uploads\/sites\/14\/2019\/03\/Geiser_Tellez.jpg 286w, http:\/\/www.reduc.edu.cu\/cemtur\/wp-content\/uploads\/sites\/14\/2019\/03\/Geiser_Tellez.jpg 450w\" sizes=\"(max-width: 470px) 100vw, 470px\" height=\"470\" width=\"470\">\t\t\t\t<\/div>\n\t\t\t\t<\/div>\n\t\t\t\t\t<\/div>\n\t\t<\/div>\n\t\t\t\t<div class=\"elementor-column elementor-col-50 elementor-top-column elementor-element elementor-element-ed69491\" data-id=\"ed69491\" data-element_type=\"column\" data-e-type=\"column\">\n\t\t\t<div class=\"elementor-widget-wrap elementor-element-populated\">\n\t\t\t\t\t\t<div class=\"elementor-element elementor-element-86b9c46 elementor-widget elementor-widget-html\" data-id=\"86b9c46\" data-element_type=\"widget\" data-e-type=\"widget\" data-widget_type=\"html.default\">\n\t\t\t\t<div class=\"elementor-widget-container\">\n\t\t\t\t\t<h3 class=\"team-macros\">MSc. Geiser Perera T\u00e9llez<\/h3>\n\n<p><strong>Ubicaci\u00f3n<\/strong><br><i class=\"fa fa-map-marker\"><\/i> No disponible <br><\/p>\n<p> <strong>Tel\u00e9fonos<\/strong><br> <i class=\"fa fa-phone\"><\/i> <a href=\"tel:5332266307\">No disponible<\/a><br><\/p>\n<p> <strong>Correo electr\u00f3nico:<\/strong><br> <i class=\"fa fa-envelope\"><\/i> <a href=\"mailto:geyser.pereira@reduc.edu.cu\">geyser.pereira@reduc.edu.cu<\/a><\/p>\n\t\t\t\t<\/div>\n\t\t\t\t<\/div>\n\t\t\t\t<div class=\"elementor-element elementor-element-47040fb elementor-widget-divider--view-line elementor-widget elementor-widget-divider\" data-id=\"47040fb\" data-element_type=\"widget\" data-e-type=\"widget\" data-widget_type=\"divider.default\">\n\t\t\t\t<div class=\"elementor-widget-container\">\n\t\t\t\t\t\t\t<div class=\"elementor-divider\">\n\t\t\t<span class=\"elementor-divider-separator\">\n\t\t\t\t\t\t<\/span>\n\t\t<\/div>\n\t\t\t\t\t\t<\/div>\n\t\t\t\t<\/div>\n\t\t\t\t<div class=\"elementor-element elementor-element-8a89a46 elementor-shape-rounded elementor-grid-0 e-grid-align-center elementor-widget elementor-widget-social-icons\" data-id=\"8a89a46\" data-element_type=\"widget\" data-e-type=\"widget\" data-widget_type=\"social-icons.default\">\n\t\t\t\t<div class=\"elementor-widget-container\">\n\t\t\t\t\t\t\t<div class=\"elementor-social-icons-wrapper elementor-grid\">\n\t\t\t\t\t\t\t<span class=\"elementor-grid-item\">\n\t\t\t\t\t<a class=\"elementor-icon elementor-social-icon elementor-social-icon-facebook elementor-repeater-item-25691cc\" href=\"http:\/\/www.facebook.com\" target=\"_blank\">\n\t\t\t\t\t\t<span class=\"elementor-screen-only\">Facebook<\/span>\n\t\t\t\t\t\t\t\t\t\t\t\t\t<i class=\"fa fa-facebook\" aria-hidden=\"true\"><\/i>\n\t\t\t\t\t\t\t\t\t\t\t<\/a>\n\t\t\t\t<\/span>\n\t\t\t\t\t<\/div>\n\t\t\t\t\t\t<\/div>\n\t\t\t\t<\/div>\n\t\t\t\t\t<\/div>\n\t\t<\/div>\n\t\t\t\t\t<\/div>\n\t\t<\/section>\n\t\t\t\t<section class=\"elementor-section elementor-top-section elementor-element elementor-element-d868eb9 elementor-section-boxed elementor-section-height-default elementor-section-height-default\" data-id=\"d868eb9\" data-element_type=\"section\" data-e-type=\"section\">\n\t\t\t\t\t\t<div class=\"elementor-container elementor-column-gap-default\">\n\t\t\t\t\t<div class=\"elementor-column elementor-col-100 elementor-top-column elementor-element elementor-element-462b5e3\" data-id=\"462b5e3\" data-element_type=\"column\" data-e-type=\"column\">\n\t\t\t<div class=\"elementor-widget-wrap elementor-element-populated\">\n\t\t\t\t\t\t<div class=\"elementor-element elementor-element-3fcc2d1 elementor-widget-divider--view-line elementor-widget elementor-widget-divider\" data-id=\"3fcc2d1\" data-element_type=\"widget\" data-e-type=\"widget\" data-widget_type=\"divider.default\">\n\t\t\t\t<div class=\"elementor-widget-container\">\n\t\t\t\t\t\t\t<div class=\"elementor-divider\">\n\t\t\t<span class=\"elementor-divider-separator\">\n\t\t\t\t\t\t<\/span>\n\t\t<\/div>\n\t\t\t\t\t\t<\/div>\n\t\t\t\t<\/div>\n\t\t\t\t\t<\/div>\n\t\t<\/div>\n\t\t\t\t\t<\/div>\n\t\t<\/section>\n\t\t\t\t<section class=\"elementor-section elementor-top-section elementor-element elementor-element-920b6c8 elementor-section-boxed elementor-section-height-default elementor-section-height-default\" data-id=\"920b6c8\" data-element_type=\"section\" data-e-type=\"section\">\n\t\t\t\t\t\t<div class=\"elementor-container elementor-column-gap-default\">\n\t\t\t\t\t<div class=\"elementor-column elementor-col-100 elementor-top-column elementor-element elementor-element-cc5da20\" data-id=\"cc5da20\" data-element_type=\"column\" data-e-type=\"column\">\n\t\t\t<div class=\"elementor-widget-wrap elementor-element-populated\">\n\t\t\t\t\t\t<div class=\"elementor-element elementor-element-7a69f5b elementor-widget elementor-widget-text-editor\" data-id=\"7a69f5b\" data-element_type=\"widget\" data-e-type=\"widget\" data-widget_type=\"text-editor.default\">\n\t\t\t\t<div class=\"elementor-widget-container\">\n\t\t\t\t\t\t\t\t\t<p><span style=\"font-size: 14pt; color: #000000;\"><strong>S\u00cdNTESIS CURRICULAR<\/strong><\/span><\/p><p>Geiser Perera Tellez: Lic. Estudios Socioculturales (2005) y M\u00e1ster en Gesti\u00f3n Tur\u00edstica (2008). Profesor Auxiliar (2016). Investigador del Centro de Estudios Multidisciplinarios del Turismo (CEMTUR) de la Universidad de Camag\u00fcey, Cuba. Tema en el que se especializa y desarrolla sus investigaciones: Gesti\u00f3n Local y Regional del Turismo e Interpretaci\u00f3n Ambiental del Patrimonio Cultural\u00a0 y Natural. Premio Provincial CITMA 2009 y 2018. Premio Nacional de la Academia de Ciencias de Cuba 2018.<\/p>\t\t\t\t\t\t\t\t<\/div>\n\t\t\t\t<\/div>\n\t\t\t\t\t<\/div>\n\t\t<\/div>\n\t\t\t\t\t<\/div>\n\t\t<\/section>\n\t\t\t\t<section class=\"elementor-section elementor-top-section elementor-element elementor-element-60fe5bd elementor-section-boxed elementor-section-height-default elementor-section-height-default\" data-id=\"60fe5bd\" data-element_type=\"section\" data-e-type=\"section\">\n\t\t\t\t\t\t<div class=\"elementor-container elementor-column-gap-default\">\n\t\t\t\t\t<div class=\"elementor-column elementor-col-100 elementor-top-column elementor-element elementor-element-6e7271b\" data-id=\"6e7271b\" data-element_type=\"column\" data-e-type=\"column\">\n\t\t\t<div class=\"elementor-widget-wrap elementor-element-populated\">\n\t\t\t\t\t\t<div class=\"elementor-element elementor-element-7e38e47 elementor-widget-divider--view-line elementor-widget elementor-widget-divider\" data-id=\"7e38e47\" data-element_type=\"widget\" data-e-type=\"widget\" data-widget_type=\"divider.default\">\n\t\t\t\t<div class=\"elementor-widget-container\">\n\t\t\t\t\t\t\t<div class=\"elementor-divider\">\n\t\t\t<span class=\"elementor-divider-separator\">\n\t\t\t\t\t\t<\/span>\n\t\t<\/div>\n\t\t\t\t\t\t<\/div>\n\t\t\t\t<\/div>\n\t\t\t\t<div class=\"elementor-element elementor-element-541440d elementor-widget elementor-widget-text-editor\" data-id=\"541440d\" data-element_type=\"widget\" data-e-type=\"widget\" data-widget_type=\"text-editor.default\">\n\t\t\t\t<div class=\"elementor-widget-container\">\n\t\t\t\t\t\t\t\t\t<p style=\"text-align: center;\"><span style=\"color: #000000;\"><strong><span style=\"font-size: 14pt;\">DOCENCIA<\/span><\/strong><\/span><\/p>\t\t\t\t\t\t\t\t<\/div>\n\t\t\t\t<\/div>\n\t\t\t\t\t<\/div>\n\t\t<\/div>\n\t\t\t\t\t<\/div>\n\t\t<\/section>\n\t\t\t\t<section class=\"elementor-section elementor-top-section elementor-element elementor-element-8f8f150 elementor-section-boxed elementor-section-height-default elementor-section-height-default\" data-id=\"8f8f150\" data-element_type=\"section\" data-e-type=\"section\">\n\t\t\t\t\t\t<div class=\"elementor-container elementor-column-gap-default\">\n\t\t\t\t\t<div class=\"elementor-column elementor-col-50 elementor-top-column elementor-element elementor-element-9fb2c9b\" data-id=\"9fb2c9b\" data-element_type=\"column\" data-e-type=\"column\">\n\t\t\t<div class=\"elementor-widget-wrap elementor-element-populated\">\n\t\t\t\t\t\t<div class=\"elementor-element elementor-element-180577c elementor-widget elementor-widget-text-editor\" data-id=\"180577c\" data-element_type=\"widget\" data-e-type=\"widget\" data-widget_type=\"text-editor.default\">\n\t\t\t\t<div class=\"elementor-widget-container\">\n\t\t\t\t\t\t\t\t\t<p style=\"text-align: justify;\"><strong><span style=\"color: #000000;\">Pregrado:<\/span> <\/strong><\/p><ul><li style=\"text-align: justify;\">Lic. Estudios Socioculturales \u2013 Gesti\u00f3n Tur\u00edstica del Patrimonio Cultural.<\/li><li style=\"text-align: justify;\">Lic. Turismo \u2013 Gesti\u00f3n de Destinos Tur\u00edsticos.<\/li><li style=\"text-align: justify;\">Ing. Industrial \u2013 Fundamentos de los Procesos Tur\u00edsticos y Marketing de Destinos Tur\u00edsticos.<\/li><\/ul>\t\t\t\t\t\t\t\t<\/div>\n\t\t\t\t<\/div>\n\t\t\t\t\t<\/div>\n\t\t<\/div>\n\t\t\t\t<div class=\"elementor-column elementor-col-50 elementor-top-column elementor-element elementor-element-4f57409\" data-id=\"4f57409\" data-element_type=\"column\" data-e-type=\"column\">\n\t\t\t<div class=\"elementor-widget-wrap elementor-element-populated\">\n\t\t\t\t\t\t<div class=\"elementor-element elementor-element-0648776 elementor-widget elementor-widget-text-editor\" data-id=\"0648776\" data-element_type=\"widget\" data-e-type=\"widget\" data-widget_type=\"text-editor.default\">\n\t\t\t\t<div class=\"elementor-widget-container\">\n\t\t\t\t\t\t\t\t\t<p style=\"text-align: justify;\"><span style=\"color: #000000;\"><strong>Postgrado:<\/strong><\/span><\/p><ul><li style=\"text-align: justify;\">Maestr\u00eda en Gesti\u00f3n Tur\u00edstica \u2013 Gesti\u00f3n Local y Regional del Turismo.<\/li><\/ul>\t\t\t\t\t\t\t\t<\/div>\n\t\t\t\t<\/div>\n\t\t\t\t\t<\/div>\n\t\t<\/div>\n\t\t\t\t\t<\/div>\n\t\t<\/section>\n\t\t\t\t<section class=\"elementor-section elementor-top-section elementor-element elementor-element-48413c6 elementor-section-boxed elementor-section-height-default elementor-section-height-default\" data-id=\"48413c6\" data-element_type=\"section\" data-e-type=\"section\">\n\t\t\t\t\t\t<div class=\"elementor-container elementor-column-gap-default\">\n\t\t\t\t\t<div class=\"elementor-column elementor-col-100 elementor-top-column elementor-element elementor-element-148eebc\" data-id=\"148eebc\" data-element_type=\"column\" data-e-type=\"column\">\n\t\t\t<div class=\"elementor-widget-wrap elementor-element-populated\">\n\t\t\t\t\t\t<div class=\"elementor-element elementor-element-7313356 elementor-widget-divider--view-line elementor-widget elementor-widget-divider\" data-id=\"7313356\" data-element_type=\"widget\" data-e-type=\"widget\" data-widget_type=\"divider.default\">\n\t\t\t\t<div class=\"elementor-widget-container\">\n\t\t\t\t\t\t\t<div class=\"elementor-divider\">\n\t\t\t<span class=\"elementor-divider-separator\">\n\t\t\t\t\t\t<\/span>\n\t\t<\/div>\n\t\t\t\t\t\t<\/div>\n\t\t\t\t<\/div>\n\t\t\t\t<div class=\"elementor-element elementor-element-d084b3c elementor-widget elementor-widget-text-editor\" data-id=\"d084b3c\" data-element_type=\"widget\" data-e-type=\"widget\" data-widget_type=\"text-editor.default\">\n\t\t\t\t<div class=\"elementor-widget-container\">\n\t\t\t\t\t\t\t\t\t<p style=\"text-align: center;\"><span style=\"color: #000000;\"><strong><span style=\"font-size: 14pt;\">SUPERACI\u00d3N<\/span><\/strong><\/span><\/p>\t\t\t\t\t\t\t\t<\/div>\n\t\t\t\t<\/div>\n\t\t\t\t\t<\/div>\n\t\t<\/div>\n\t\t\t\t\t<\/div>\n\t\t<\/section>\n\t\t\t\t<section class=\"elementor-section elementor-top-section elementor-element elementor-element-88b4a3b elementor-section-boxed elementor-section-height-default elementor-section-height-default\" data-id=\"88b4a3b\" data-element_type=\"section\" data-e-type=\"section\">\n\t\t\t\t\t\t<div class=\"elementor-container elementor-column-gap-default\">\n\t\t\t\t\t<div class=\"elementor-column elementor-col-100 elementor-top-column elementor-element elementor-element-b2c8456\" data-id=\"b2c8456\" data-element_type=\"column\" data-e-type=\"column\">\n\t\t\t<div class=\"elementor-widget-wrap elementor-element-populated\">\n\t\t\t\t\t\t<div class=\"elementor-element elementor-element-fede75b elementor-widget elementor-widget-text-editor\" data-id=\"fede75b\" data-element_type=\"widget\" data-e-type=\"widget\" data-widget_type=\"text-editor.default\">\n\t\t\t\t<div class=\"elementor-widget-container\">\n\t\t\t\t\t\t\t\t\t<p>Aspirante en el Doctorado Curricular Colaborativo de Gesti\u00f3n del Desarrollo Local que coordina la Facultad de Ciencias Econ\u00f3micas de la Universidad de Camag\u00fcey.<\/p><p>Postgrado Internacional de Interpretaci\u00f3n Ambiental del Patrimonio Natural y Cultural. Universidad Oberta de Catalu\u00f1a y Universidad de las Islas Baleares. (2008)<\/p><p>Programa Europeo de Estudios de Gesti\u00f3n. Auspiciado por la European Foundation for Management Development y en Ministerio de Educaci\u00f3n Superior de Cuba. (2015)<\/p>\t\t\t\t\t\t\t\t<\/div>\n\t\t\t\t<\/div>\n\t\t\t\t\t<\/div>\n\t\t<\/div>\n\t\t\t\t\t<\/div>\n\t\t<\/section>\n\t\t\t\t<section class=\"elementor-section elementor-top-section elementor-element elementor-element-7d8c6ac elementor-section-boxed elementor-section-height-default elementor-section-height-default\" data-id=\"7d8c6ac\" data-element_type=\"section\" data-e-type=\"section\">\n\t\t\t\t\t\t<div class=\"elementor-container elementor-column-gap-default\">\n\t\t\t\t\t<div class=\"elementor-column elementor-col-100 elementor-top-column elementor-element elementor-element-9c495b2\" data-id=\"9c495b2\" data-element_type=\"column\" data-e-type=\"column\">\n\t\t\t<div class=\"elementor-widget-wrap elementor-element-populated\">\n\t\t\t\t\t\t<div class=\"elementor-element elementor-element-ce6fe0f elementor-widget-divider--view-line elementor-widget elementor-widget-divider\" data-id=\"ce6fe0f\" data-element_type=\"widget\" data-e-type=\"widget\" data-widget_type=\"divider.default\">\n\t\t\t\t<div class=\"elementor-widget-container\">\n\t\t\t\t\t\t\t<div class=\"elementor-divider\">\n\t\t\t<span class=\"elementor-divider-separator\">\n\t\t\t\t\t\t<\/span>\n\t\t<\/div>\n\t\t\t\t\t\t<\/div>\n\t\t\t\t<\/div>\n\t\t\t\t<div class=\"elementor-element elementor-element-534b400 elementor-widget elementor-widget-text-editor\" data-id=\"534b400\" data-element_type=\"widget\" data-e-type=\"widget\" data-widget_type=\"text-editor.default\">\n\t\t\t\t<div class=\"elementor-widget-container\">\n\t\t\t\t\t\t\t\t\t<p style=\"text-align: center;\"><strong><span style=\"color: #000000;\">PUBLICACIONES<\/span><\/strong><\/p>\t\t\t\t\t\t\t\t<\/div>\n\t\t\t\t<\/div>\n\t\t\t\t\t<\/div>\n\t\t<\/div>\n\t\t\t\t\t<\/div>\n\t\t<\/section>\n\t\t\t\t<section class=\"elementor-section elementor-top-section elementor-element elementor-element-ae852a5 elementor-section-boxed elementor-section-height-default elementor-section-height-default\" data-id=\"ae852a5\" data-element_type=\"section\" data-e-type=\"section\">\n\t\t\t\t\t\t<div class=\"elementor-container elementor-column-gap-default\">\n\t\t\t\t\t<div class=\"elementor-column elementor-col-100 elementor-top-column elementor-element elementor-element-4d1733c\" data-id=\"4d1733c\" data-element_type=\"column\" data-e-type=\"column\">\n\t\t\t<div class=\"elementor-widget-wrap elementor-element-populated\">\n\t\t\t\t\t\t<div class=\"elementor-element elementor-element-cf8073e elementor-widget elementor-widget-text-editor\" data-id=\"cf8073e\" data-element_type=\"widget\" data-e-type=\"widget\" data-widget_type=\"text-editor.default\">\n\t\t\t\t<div class=\"elementor-widget-container\">\n\t\t\t\t\t\t\t\t\t<p><span style=\"font-size: 14pt;\"><strong><span style=\"color: #000000;\">2<\/span><\/strong><\/span> art\u00edculos en Revista Retos Tur\u00edsticos. Universidad de Matanzas. Cuba. (2009) y (2011)<\/p><p><span style=\"color: #000000;\"><strong><span style=\"font-size: 14pt;\">1<\/span><\/strong><\/span> Art\u00edculo en revista electr\u00f3nica TURyDES (Turismo y Desarrollo Local). M\u00e1laga. Espa\u00f1a. (2011)<\/p><p><span style=\"font-size: 14pt;\"><strong><span style=\"color: #000000;\">1<\/span><\/strong><\/span> Art\u00edculo en Revista de Investigaciones Tur\u00edsticas \u201cGran Tour\u201d. Escuela Universitaria de Turismo de Murcia, Espa\u00f1a. (2011)<\/p><p><span style=\"font-size: 14pt;\"><strong><span style=\"color: #000000;\">1<\/span><\/strong><\/span> Cap\u00edtulo en libro \u201cPatrimonio y Usos Tur\u00edsticos. Desaf\u00edos y responsabilidad territorial\u201d. Universidad Aut\u00f3noma Ind\u00edgena de M\u00e9xico. Sinaloa. M\u00e9xico. (2015)<\/p><p><span style=\"font-size: 14pt;\"><strong><span style=\"color: #000000;\">1<\/span><\/strong><\/span> Art\u00edculo en Revista Cient\u00edfica \u201cRetos de la Direcci\u00f3n\u201d. Universidad de Camag\u00fcey. Cuba. (2016)<\/p><p><strong><span style=\"font-size: 14pt; color: #000000;\">1<\/span><\/strong> Art\u00edculo en la Revista \u201cAnales de la Academia de Ciencias de Cuba\u201d. (2018)<\/p>\t\t\t\t\t\t\t\t<\/div>\n\t\t\t\t<\/div>\n\t\t\t\t\t<\/div>\n\t\t<\/div>\n\t\t\t\t\t<\/div>\n\t\t<\/section>\n\t\t\t\t<\/div>\n\t\t","protected":false},"excerpt":{"rendered":"<p>MSc. Geiser Perera T\u00e9llez Ubicaci\u00f3n No disponible Tel\u00e9fonos No disponible Correo electr\u00f3nico: geyser.pereira@reduc.edu.cu Facebook S\u00cdNTESIS CURRICULAR Geiser Perera Tellez: Lic. Estudios Socioculturales (2005) y M\u00e1ster en Gesti\u00f3n Tur\u00edstica (2008). Profesor Auxiliar (2016). Investigador del Centro de Estudios Multidisciplinarios del Turismo (CEMTUR) de la Universidad de Camag\u00fcey, Cuba. Tema en el que se especializa y desarrolla [&hellip;]<\/p>\n","protected":false},"author":19,"featured_media":0,"parent":0,"menu_order":0,"comment_status":"closed","ping_status":"closed","template":"elementor_header_footer","meta":{"footnotes":""},"class_list":["post-209","page","type-page","status-publish","hentry"],"_links":{"self":[{"href":"https:\/\/www.reduc.edu.cu\/cemtur\/wp-json\/wp\/v2\/pages\/209","targetHints":{"allow":["GET"]}}],"collection":[{"href":"https:\/\/www.reduc.edu.cu\/cemtur\/wp-json\/wp\/v2\/pages"}],"about":[{"href":"https:\/\/www.reduc.edu.cu\/cemtur\/wp-json\/wp\/v2\/types\/page"}],"author":[{"embeddable":true,"href":"https:\/\/www.reduc.edu.cu\/cemtur\/wp-json\/wp\/v2\/users\/19"}],"replies":[{"embeddable":true,"href":"https:\/\/www.reduc.edu.cu\/cemtur\/wp-json\/wp\/v2\/comments?post=209"}],"version-history":[{"count":27,"href":"https:\/\/www.reduc.edu.cu\/cemtur\/wp-json\/wp\/v2\/pages\/209\/revisions"}],"predecessor-version":[{"id":856,"href":"https:\/\/www.reduc.edu.cu\/cemtur\/wp-json\/wp\/v2\/pages\/209\/revisions\/856"}],"wp:attachment":[{"href":"https:\/\/www.reduc.edu.cu\/cemtur\/wp-json\/wp\/v2\/media?parent=209"}],"curies":[{"name":"wp","href":"https:\/\/api.w.org\/{rel}","templated":true}]}}