{"id":926,"date":"2019-11-07T17:12:00","date_gmt":"2019-11-07T17:12:00","guid":{"rendered":"https:\/\/www.reduc.edu.cu\/cemtur\/?page_id=926"},"modified":"2019-11-07T18:15:10","modified_gmt":"2019-11-07T18:15:10","slug":"patrocinadores","status":"publish","type":"page","link":"https:\/\/www.reduc.edu.cu\/cemtur\/patrocinadores\/","title":{"rendered":"Patrocinadores"},"content":{"rendered":"\t\t<div data-elementor-type=\"wp-page\" data-elementor-id=\"926\" class=\"elementor elementor-926\">\n\t\t\t\t\t\t<section class=\"elementor-section elementor-top-section elementor-element elementor-element-2390cb7 elementor-section-boxed elementor-section-height-default elementor-section-height-default\" data-id=\"2390cb7\" data-element_type=\"section\" data-e-type=\"section\">\n\t\t\t\t\t\t<div class=\"elementor-container elementor-column-gap-default\">\n\t\t\t\t\t<div class=\"elementor-column elementor-col-33 elementor-top-column elementor-element elementor-element-db29f11\" data-id=\"db29f11\" data-element_type=\"column\" data-e-type=\"column\">\n\t\t\t<div class=\"elementor-widget-wrap elementor-element-populated\">\n\t\t\t\t\t\t<div class=\"elementor-element elementor-element-f88efbc elementor-widget elementor-widget-html\" data-id=\"f88efbc\" data-element_type=\"widget\" data-e-type=\"widget\" data-widget_type=\"html.default\">\n\t\t\t\t<div class=\"elementor-widget-container\">\n\t\t\t\t\t<div class=\"visible-sm visible-md visible-lg visible-xs\" id=\"left-menu\">\n<ul class=\"nav nav-tabs nav-stacked visible-sm visible-md visible-lg\">\n   <li><a href=\"\/es\/invitation\" class=\"nav-vert-links\" title=\"Convocatoria - CONVENCI\u00d3N INTERNACIONAL CIENTIFICA  Y TECNOLOGICA 2019\">Convocatoria<\/a><\/li>\n\t <li><a href=\"\/es\/general_info\" class=\"nav-vert-links\" title=\"Eventos - CONVENCI\u00d3N INTERNACIONAL CIENTIFICA  Y TECNOLOGICA 2019\">Eventos<\/a><\/li>\n\t <li><a href=\"\/es\/speaker\" class=\"nav-vert-links\" title=\"Conferencistas confirmados - CONVENCI\u00d3N INTERNACIONAL CIENTIFICA  Y TECNOLOGICA 2019\">Conferencistas confirmados<\/a><\/li>\n\t <li><a href=\"\/es\/general_program\" class=\"nav-vert-links\" title=\"Programa General - CONVENCI\u00d3N INTERNACIONAL CIENTIFICA  Y TECNOLOGICA 2019\">Programa General<\/a><\/li>\n\t <li><a href=\"\/es\/committees\" class=\"nav-vert-links\" title=\"Comit\u00e9 Organizador - CONVENCI\u00d3N INTERNACIONAL CIENTIFICA  Y TECNOLOGICA 2019\">Comit\u00e9 Organizador<\/a><\/li>\n\t <li><a href=\"\/es\/abstracts\/send_abstract_form\" class=\"nav-vert-links\" title=\"Env\u00edo de trabajos - CONVENCI\u00d3N INTERNACIONAL CIENTIFICA  Y TECNOLOGICA 2019\">Env\u00edo de trabajos<\/a><\/li>\n\t <li><a href=\"\/es\/important_dates\" class=\"nav-vert-links\" title=\"Fechas importantes  - CONVENCI\u00d3N INTERNACIONAL CIENTIFICA  Y TECNOLOGICA 2019\">Fechas importantes <\/a><\/li>\n\t <li><a href=\"\/es\/general1\" class=\"nav-vert-links\" title=\"Idiomas oficiales - CONVENCI\u00d3N INTERNACIONAL CIENTIFICA  Y TECNOLOGICA 2019\">Idiomas oficiales<\/a><\/li>\n\t <li><a href=\"\/es\/topics\" class=\"nav-vert-links\" title=\"L\u00edneas tem\u00e1ticas por eventos - CONVENCI\u00d3N INTERNACIONAL CIENTIFICA  Y TECNOLOGICA 2019\">L\u00edneas tem\u00e1ticas por eventos<\/a><\/li>\n\t <li><a href=\"\/es\/sponsors\" class=\"nav-vert-links\" title=\"Patrocinadores - CONVENCI\u00d3N INTERNACIONAL CIENTIFICA  Y TECNOLOGICA 2019\">Patrocinadores<\/a><\/li>\n\t <li><a href=\"\/es\/general2\" class=\"nav-vert-links\" title=\"Universidad de Camaguey - CONVENCI\u00d3N INTERNACIONAL CIENTIFICA  Y TECNOLOGICA 2019\">Universidad de Camaguey<\/a><\/li>\n\t <li><a href=\"\/es\/general3\" class=\"nav-vert-links\" title=\"Hotel Starfish Cayo Santa Mar\u00eda - CONVENCI\u00d3N INTERNACIONAL CIENTIFICA  Y TECNOLOGICA 2019\">Escuela de Capacitaci\u00f3n del Turismo, Camag\u00fcey<\/a><\/li>\n\t  <li><a href=\"\/es\/general3\" class=\"nav-vert-links\" title=\"Hotel Starfish Cayo Santa Mar\u00eda - CONVENCI\u00d3N INTERNACIONAL CIENTIFICA  Y TECNOLOGICA 2019\">Empresa de Servicios Inform\u00e1ticos Especializados (GET)<\/a><\/li>\n\t\n<\/ul>\n<\/div>\t\t\t\t<\/div>\n\t\t\t\t<\/div>\n\t\t\t\t<div class=\"elementor-element elementor-element-883be6b elementor-widget elementor-widget-image\" data-id=\"883be6b\" data-element_type=\"widget\" data-e-type=\"widget\" data-widget_type=\"image.default\">\n\t\t\t\t<div class=\"elementor-widget-container\">\n\t\t\t\t\t\t\t\t\t\t\t\t\t\t\t<img fetchpriority=\"high\" decoding=\"async\" width=\"1024\" height=\"435\" src=\"https:\/\/www.reduc.edu.cu\/cemtur\/wp-content\/uploads\/sites\/14\/2018\/12\/CEMTUR-LOGO-OK-1024x435.png\" class=\"attachment-large size-large wp-image-148\" alt=\"\" srcset=\"https:\/\/www.reduc.edu.cu\/cemtur\/wp-content\/uploads\/sites\/14\/2018\/12\/CEMTUR-LOGO-OK-1024x435.png 1024w, https:\/\/www.reduc.edu.cu\/cemtur\/wp-content\/uploads\/sites\/14\/2018\/12\/CEMTUR-LOGO-OK-300x128.png 300w, https:\/\/www.reduc.edu.cu\/cemtur\/wp-content\/uploads\/sites\/14\/2018\/12\/CEMTUR-LOGO-OK-768x326.png 768w, https:\/\/www.reduc.edu.cu\/cemtur\/wp-content\/uploads\/sites\/14\/2018\/12\/CEMTUR-LOGO-OK-750x319.png 750w, https:\/\/www.reduc.edu.cu\/cemtur\/wp-content\/uploads\/sites\/14\/2018\/12\/CEMTUR-LOGO-OK-400x170.png 400w, https:\/\/www.reduc.edu.cu\/cemtur\/wp-content\/uploads\/sites\/14\/2018\/12\/CEMTUR-LOGO-OK-430x183.png 430w, https:\/\/www.reduc.edu.cu\/cemtur\/wp-content\/uploads\/sites\/14\/2018\/12\/CEMTUR-LOGO-OK-150x64.png 150w, https:\/\/www.reduc.edu.cu\/cemtur\/wp-content\/uploads\/sites\/14\/2018\/12\/CEMTUR-LOGO-OK-100x43.png 100w, https:\/\/www.reduc.edu.cu\/cemtur\/wp-content\/uploads\/sites\/14\/2018\/12\/CEMTUR-LOGO-OK.png 1400w\" sizes=\"(max-width: 1024px) 100vw, 1024px\" \/>\t\t\t\t\t\t\t\t\t\t\t\t\t\t\t<\/div>\n\t\t\t\t<\/div>\n\t\t\t\t\t<\/div>\n\t\t<\/div>\n\t\t\t\t<div class=\"elementor-column elementor-col-66 elementor-top-column elementor-element elementor-element-75d08c3\" data-id=\"75d08c3\" data-element_type=\"column\" data-e-type=\"column\">\n\t\t\t<div class=\"elementor-widget-wrap elementor-element-populated\">\n\t\t\t\t\t\t<div class=\"elementor-element elementor-element-fb24539 elementor-position-top elementor-widget elementor-widget-image-box\" data-id=\"fb24539\" data-element_type=\"widget\" data-e-type=\"widget\" data-widget_type=\"image-box.default\">\n\t\t\t\t<div class=\"elementor-widget-container\">\n\t\t\t\t\t<div class=\"elementor-image-box-wrapper\"><figure class=\"elementor-image-box-img\"><a href=\"http:\/\/www.reduc.edu.cu\/cemtur\" tabindex=\"-1\"><img decoding=\"async\" width=\"1400\" height=\"595\" src=\"https:\/\/www.reduc.edu.cu\/cemtur\/wp-content\/uploads\/sites\/14\/2018\/12\/CEMTUR-LOGO-OK.png\" class=\"attachment-full size-full wp-image-148\" alt=\"\" srcset=\"https:\/\/www.reduc.edu.cu\/cemtur\/wp-content\/uploads\/sites\/14\/2018\/12\/CEMTUR-LOGO-OK.png 1400w, https:\/\/www.reduc.edu.cu\/cemtur\/wp-content\/uploads\/sites\/14\/2018\/12\/CEMTUR-LOGO-OK-300x128.png 300w, https:\/\/www.reduc.edu.cu\/cemtur\/wp-content\/uploads\/sites\/14\/2018\/12\/CEMTUR-LOGO-OK-768x326.png 768w, https:\/\/www.reduc.edu.cu\/cemtur\/wp-content\/uploads\/sites\/14\/2018\/12\/CEMTUR-LOGO-OK-1024x435.png 1024w, https:\/\/www.reduc.edu.cu\/cemtur\/wp-content\/uploads\/sites\/14\/2018\/12\/CEMTUR-LOGO-OK-750x319.png 750w, https:\/\/www.reduc.edu.cu\/cemtur\/wp-content\/uploads\/sites\/14\/2018\/12\/CEMTUR-LOGO-OK-400x170.png 400w, https:\/\/www.reduc.edu.cu\/cemtur\/wp-content\/uploads\/sites\/14\/2018\/12\/CEMTUR-LOGO-OK-430x183.png 430w, https:\/\/www.reduc.edu.cu\/cemtur\/wp-content\/uploads\/sites\/14\/2018\/12\/CEMTUR-LOGO-OK-150x64.png 150w, https:\/\/www.reduc.edu.cu\/cemtur\/wp-content\/uploads\/sites\/14\/2018\/12\/CEMTUR-LOGO-OK-100x43.png 100w\" sizes=\"(max-width: 1400px) 100vw, 1400px\" \/><\/a><\/figure><div class=\"elementor-image-box-content\"><h3 class=\"elementor-image-box-title\"><a href=\"http:\/\/www.reduc.edu.cu\/cemtur\">Centro de Estudios Multidisciplinarios del Turismo (CEMTUR), Universidad de Camag\u00fcey<\/a><\/h3><\/div><\/div>\t\t\t\t<\/div>\n\t\t\t\t<\/div>\n\t\t\t\t<div class=\"elementor-element elementor-element-415a43d elementor-position-top elementor-widget elementor-widget-image-box\" data-id=\"415a43d\" data-element_type=\"widget\" data-e-type=\"widget\" data-widget_type=\"image-box.default\">\n\t\t\t\t<div class=\"elementor-widget-container\">\n\t\t\t\t\t<div class=\"elementor-image-box-wrapper\"><figure class=\"elementor-image-box-img\"><a href=\"https:\/\/www.get.tur.cu\/\" tabindex=\"-1\"><img decoding=\"async\" width=\"279\" height=\"181\" src=\"https:\/\/www.reduc.edu.cu\/cemtur\/wp-content\/uploads\/sites\/14\/2019\/11\/\u00edndice.jpg\" class=\"attachment-full size-full wp-image-927\" alt=\"\" \/><\/a><\/figure><div class=\"elementor-image-box-content\"><h3 class=\"elementor-image-box-title\"><a href=\"https:\/\/www.get.tur.cu\/\">Grupo de Electr\u00f3nica para el Turismo (GET)<\/a><\/h3><p class=\"elementor-image-box-description\">El Grupo de Electr\u00f3nica para el Turismo (GET), es una empresa cubana con alcance nacional perteneciente al Ministerio de Turismo, con m\u00e1s de 24 a\u00f1os de experiencia ofreciendo servicios de infocomunicaciones y autom\u00e1tica a la industria tur\u00edstica en Cuba.<\/p><\/div><\/div>\t\t\t\t<\/div>\n\t\t\t\t<\/div>\n\t\t\t\t<div class=\"elementor-element elementor-element-5a06149 elementor-position-top elementor-widget elementor-widget-image-box\" data-id=\"5a06149\" data-element_type=\"widget\" data-e-type=\"widget\" data-widget_type=\"image-box.default\">\n\t\t\t\t<div class=\"elementor-widget-container\">\n\t\t\t\t\t<div class=\"elementor-image-box-wrapper\"><figure class=\"elementor-image-box-img\"><img decoding=\"async\" src=\"https:\/\/www.reduc.edu.cu\/cemtur\/wp-content\/plugins\/elementor\/assets\/images\/placeholder.png\" title=\"\" alt=\"\" loading=\"lazy\" \/><\/figure><div class=\"elementor-image-box-content\"><h3 class=\"elementor-image-box-title\">Centro de Capacitaci\u00f3n del Ministerio de Turismo en Camag\u00fcey<\/h3><\/div><\/div>\t\t\t\t<\/div>\n\t\t\t\t<\/div>\n\t\t\t\t\t<\/div>\n\t\t<\/div>\n\t\t\t\t\t<\/div>\n\t\t<\/section>\n\t\t\t\t<\/div>\n\t\t","protected":false},"excerpt":{"rendered":"<p>Convocatoria Eventos Conferencistas confirmados Programa General Comit\u00e9 Organizador Env\u00edo de trabajos Fechas importantes Idiomas oficiales L\u00edneas tem\u00e1ticas por eventos Patrocinadores Universidad de Camaguey Escuela de Capacitaci\u00f3n del Turismo, Camag\u00fcey Empresa de Servicios Inform\u00e1ticos Especializados (GET) Centro de Estudios Multidisciplinarios del Turismo (CEMTUR), Universidad de Camag\u00fcey Grupo de Electr\u00f3nica para el Turismo (GET) El Grupo de [&hellip;]<\/p>\n","protected":false},"author":19,"featured_media":0,"parent":0,"menu_order":0,"comment_status":"closed","ping_status":"closed","template":"template\/template-page-full-width.php","meta":{"footnotes":""},"class_list":["post-926","page","type-page","status-publish","hentry"],"_links":{"self":[{"href":"https:\/\/www.reduc.edu.cu\/cemtur\/wp-json\/wp\/v2\/pages\/926","targetHints":{"allow":["GET"]}}],"collection":[{"href":"https:\/\/www.reduc.edu.cu\/cemtur\/wp-json\/wp\/v2\/pages"}],"about":[{"href":"https:\/\/www.reduc.edu.cu\/cemtur\/wp-json\/wp\/v2\/types\/page"}],"author":[{"embeddable":true,"href":"https:\/\/www.reduc.edu.cu\/cemtur\/wp-json\/wp\/v2\/users\/19"}],"replies":[{"embeddable":true,"href":"https:\/\/www.reduc.edu.cu\/cemtur\/wp-json\/wp\/v2\/comments?post=926"}],"version-history":[{"count":8,"href":"https:\/\/www.reduc.edu.cu\/cemtur\/wp-json\/wp\/v2\/pages\/926\/revisions"}],"predecessor-version":[{"id":945,"href":"https:\/\/www.reduc.edu.cu\/cemtur\/wp-json\/wp\/v2\/pages\/926\/revisions\/945"}],"wp:attachment":[{"href":"https:\/\/www.reduc.edu.cu\/cemtur\/wp-json\/wp\/v2\/media?parent=926"}],"curies":[{"name":"wp","href":"https:\/\/api.w.org\/{rel}","templated":true}]}}