{"id":940,"date":"2019-11-07T18:07:38","date_gmt":"2019-11-07T18:07:38","guid":{"rendered":"https:\/\/www.reduc.edu.cu\/cemtur\/?page_id=940"},"modified":"2019-11-19T13:41:11","modified_gmt":"2019-11-19T13:41:11","slug":"comite-organizador","status":"publish","type":"page","link":"https:\/\/www.reduc.edu.cu\/cemtur\/comite-organizador\/","title":{"rendered":"Comit\u00e9 Organizador"},"content":{"rendered":"\t\t<div data-elementor-type=\"wp-page\" data-elementor-id=\"940\" class=\"elementor elementor-940\">\n\t\t\t\t\t\t<section class=\"elementor-section elementor-top-section elementor-element elementor-element-1202379 elementor-section-boxed elementor-section-height-default elementor-section-height-default\" data-id=\"1202379\" data-element_type=\"section\" data-e-type=\"section\">\n\t\t\t\t\t\t<div class=\"elementor-container elementor-column-gap-default\">\n\t\t\t\t\t<div class=\"elementor-column elementor-col-33 elementor-top-column elementor-element elementor-element-0b68096\" data-id=\"0b68096\" data-element_type=\"column\" data-e-type=\"column\">\n\t\t\t<div class=\"elementor-widget-wrap elementor-element-populated\">\n\t\t\t\t\t\t<div class=\"elementor-element elementor-element-0cf8781 elementor-widget elementor-widget-image\" data-id=\"0cf8781\" data-element_type=\"widget\" data-e-type=\"widget\" data-widget_type=\"image.default\">\n\t\t\t\t<div class=\"elementor-widget-container\">\n\t\t\t\t\t\t\t\t\t\t\t\t\t\t\t<img decoding=\"async\" width=\"138\" height=\"138\" src=\"https:\/\/www.reduc.edu.cu\/cemtur\/wp-content\/uploads\/sites\/14\/2019\/11\/compet.jpg\" class=\"attachment-large size-large wp-image-990\" alt=\"\" \/>\t\t\t\t\t\t\t\t\t\t\t\t\t\t\t<\/div>\n\t\t\t\t<\/div>\n\t\t\t\t<div class=\"elementor-element elementor-element-0c0b407 elementor-widget elementor-widget-image\" data-id=\"0c0b407\" data-element_type=\"widget\" data-e-type=\"widget\" data-widget_type=\"image.default\">\n\t\t\t\t<div class=\"elementor-widget-container\">\n\t\t\t\t\t\t\t\t\t\t\t\t\t\t\t<img fetchpriority=\"high\" decoding=\"async\" width=\"851\" height=\"315\" src=\"https:\/\/www.reduc.edu.cu\/cemtur\/wp-content\/uploads\/sites\/14\/2019\/11\/format.png\" class=\"attachment-large size-large wp-image-992\" alt=\"\" \/>\t\t\t\t\t\t\t\t\t\t\t\t\t\t\t<\/div>\n\t\t\t\t<\/div>\n\t\t\t\t<div class=\"elementor-element elementor-element-da79169 elementor-widget elementor-widget-text-editor\" data-id=\"da79169\" data-element_type=\"widget\" data-e-type=\"widget\" data-widget_type=\"text-editor.default\">\n\t\t\t\t<div class=\"elementor-widget-container\">\n\t\t\t\t\t\t\t\t\t<p><strong>Para mayor informaci\u00f3n, contactar:<\/strong><\/p><p>MSc. Iliana Cervantes Alonso <span><a href=\"mailto:iliana.cervantes@minturcmg.tur.cu\">iliana.cervantes@minturcmg.tur.cu<\/a><\/span><\/p><p>MSc. Carlos Ruiz N\u00fa\u00f1ez <a href=\"mailto:carlos.ruiz@minturcmg.tur.cu\">carlos.ruiz@minturcmg.tur.cu<\/a><\/p><p><span>Lic. Jos\u00e9 Ra\u00fal Guti\u00e9rrez Fabelo <\/span><a href=\"mailto:jose.gfavelo@reduc.edu.cu\">jose.gfabelo@reduc.edu.cu<\/a><\/p>\t\t\t\t\t\t\t\t<\/div>\n\t\t\t\t<\/div>\n\t\t\t\t\t<\/div>\n\t\t<\/div>\n\t\t\t\t<div class=\"elementor-column elementor-col-66 elementor-top-column elementor-element elementor-element-cb68ab9\" data-id=\"cb68ab9\" data-element_type=\"column\" data-e-type=\"column\">\n\t\t\t<div class=\"elementor-widget-wrap elementor-element-populated\">\n\t\t\t\t\t\t<div class=\"elementor-element elementor-element-8422652 elementor-widget elementor-widget-text-editor\" data-id=\"8422652\" data-element_type=\"widget\" data-e-type=\"widget\" data-widget_type=\"text-editor.default\">\n\t\t\t\t<div class=\"elementor-widget-container\">\n\t\t\t\t\t\t\t\t\t<h1 class=\"tit-home visible-lg visible-md visible-sm hidden-xs\">Comit\u00e9 Organizador<\/h1><div class=\"txt-home\"><p><strong>Presidente:\u00a0<\/strong>Lic. Yunesky Canteli Gonz\u00e1lez, Delegada del MINTUR en Camag\u00fcey.<\/p><p><strong>Vicepresidente:<\/strong> MSc. Iliana Cervantes Alonso<\/p><p><strong>Secretario:<\/strong> MSc. Carlos Ruiz N\u00fa\u00f1ez<\/p><p><b>\u00a0<\/b><\/p><p><b>Comit\u00e9\u00a0Cient\u00edfico<\/b><\/p><p>Dra. Mar\u00eda Elena Betancourt Garc\u00eda, Directora del CEMTUR, UC<\/p><p>MSc.\u00a0Eduardo\u00a0Escobar\u00a0Aguiar\u00a0<\/p><p class=\"Default\" style=\"line-height: 115%\"><span style=\"font-size: 11.0pt;line-height: 115%;color: windowtext\"><span style=\"font-size: 12pt\">MSc. Jes\u00fas Rodr\u00edguez Rubinos<\/span><\/span><\/p><\/div>\t\t\t\t\t\t\t\t<\/div>\n\t\t\t\t<\/div>\n\t\t\t\t\t<\/div>\n\t\t<\/div>\n\t\t\t\t\t<\/div>\n\t\t<\/section>\n\t\t\t\t<\/div>\n\t\t","protected":false},"excerpt":{"rendered":"<p>Para mayor informaci\u00f3n, contactar: MSc. Iliana Cervantes Alonso iliana.cervantes@minturcmg.tur.cu MSc. Carlos Ruiz N\u00fa\u00f1ez carlos.ruiz@minturcmg.tur.cu Lic. Jos\u00e9 Ra\u00fal Guti\u00e9rrez Fabelo jose.gfabelo@reduc.edu.cu Comit\u00e9 Organizador Presidente:\u00a0Lic. Yunesky Canteli Gonz\u00e1lez, Delegada del MINTUR en Camag\u00fcey. Vicepresidente: MSc. Iliana Cervantes Alonso Secretario: MSc. Carlos Ruiz N\u00fa\u00f1ez \u00a0 Comit\u00e9\u00a0Cient\u00edfico Dra. Mar\u00eda Elena Betancourt Garc\u00eda, Directora del CEMTUR, UC MSc.\u00a0Eduardo\u00a0Escobar\u00a0Aguiar\u00a0 MSc. Jes\u00fas [&hellip;]<\/p>\n","protected":false},"author":19,"featured_media":0,"parent":0,"menu_order":0,"comment_status":"closed","ping_status":"closed","template":"template\/template-page-full-width.php","meta":{"footnotes":""},"class_list":["post-940","page","type-page","status-publish","hentry"],"_links":{"self":[{"href":"https:\/\/www.reduc.edu.cu\/cemtur\/wp-json\/wp\/v2\/pages\/940","targetHints":{"allow":["GET"]}}],"collection":[{"href":"https:\/\/www.reduc.edu.cu\/cemtur\/wp-json\/wp\/v2\/pages"}],"about":[{"href":"https:\/\/www.reduc.edu.cu\/cemtur\/wp-json\/wp\/v2\/types\/page"}],"author":[{"embeddable":true,"href":"https:\/\/www.reduc.edu.cu\/cemtur\/wp-json\/wp\/v2\/users\/19"}],"replies":[{"embeddable":true,"href":"https:\/\/www.reduc.edu.cu\/cemtur\/wp-json\/wp\/v2\/comments?post=940"}],"version-history":[{"count":10,"href":"https:\/\/www.reduc.edu.cu\/cemtur\/wp-json\/wp\/v2\/pages\/940\/revisions"}],"predecessor-version":[{"id":993,"href":"https:\/\/www.reduc.edu.cu\/cemtur\/wp-json\/wp\/v2\/pages\/940\/revisions\/993"}],"wp:attachment":[{"href":"https:\/\/www.reduc.edu.cu\/cemtur\/wp-json\/wp\/v2\/media?parent=940"}],"curies":[{"name":"wp","href":"https:\/\/api.w.org\/{rel}","templated":true}]}}