{"id":968,"date":"2019-11-14T12:55:57","date_gmt":"2019-11-14T12:55:57","guid":{"rendered":"https:\/\/www.reduc.edu.cu\/cemtur\/?page_id=968"},"modified":"2019-12-11T13:28:09","modified_gmt":"2019-12-11T13:28:09","slug":"lineas-tematicas-por-trabajos","status":"publish","type":"page","link":"https:\/\/www.reduc.edu.cu\/cemtur\/lineas-tematicas-por-trabajos\/","title":{"rendered":"L\u00edneas tem\u00e1ticas por trabajos"},"content":{"rendered":"\t\t<div data-elementor-type=\"wp-page\" data-elementor-id=\"968\" class=\"elementor elementor-968\">\n\t\t\t\t\t\t<section class=\"elementor-section elementor-top-section elementor-element elementor-element-2aa5529 elementor-section-boxed elementor-section-height-default elementor-section-height-default\" data-id=\"2aa5529\" data-element_type=\"section\" data-e-type=\"section\">\n\t\t\t\t\t\t<div class=\"elementor-container elementor-column-gap-default\">\n\t\t\t\t\t<div class=\"elementor-column elementor-col-100 elementor-top-column elementor-element elementor-element-4934e42\" data-id=\"4934e42\" data-element_type=\"column\" data-e-type=\"column\">\n\t\t\t<div class=\"elementor-widget-wrap\">\n\t\t\t\t\t\t\t<\/div>\n\t\t<\/div>\n\t\t\t\t\t<\/div>\n\t\t<\/section>\n\t\t\t\t<section class=\"elementor-section elementor-top-section elementor-element elementor-element-e389d27 elementor-section-boxed elementor-section-height-default elementor-section-height-default\" data-id=\"e389d27\" data-element_type=\"section\" data-e-type=\"section\">\n\t\t\t\t\t\t<div class=\"elementor-container elementor-column-gap-default\">\n\t\t\t\t\t<div class=\"elementor-column elementor-col-20 elementor-top-column elementor-element elementor-element-261bb19\" data-id=\"261bb19\" data-element_type=\"column\" data-e-type=\"column\">\n\t\t\t<div class=\"elementor-widget-wrap elementor-element-populated\">\n\t\t\t\t\t\t<div class=\"elementor-element elementor-element-bd7bc28 elementor-widget elementor-widget-text-editor\" data-id=\"bd7bc28\" data-element_type=\"widget\" data-e-type=\"widget\" data-widget_type=\"text-editor.default\">\n\t\t\t\t<div class=\"elementor-widget-container\">\n\t\t\t\t\t\t\t\t\t<p><strong>Alimentos y Bebidas<br \/><\/strong><\/p>\t\t\t\t\t\t\t\t<\/div>\n\t\t\t\t<\/div>\n\t\t\t\t<div class=\"elementor-element elementor-element-9a5e0de elementor-widget elementor-widget-text-editor\" data-id=\"9a5e0de\" data-element_type=\"widget\" data-e-type=\"widget\" data-widget_type=\"text-editor.default\">\n\t\t\t\t<div class=\"elementor-widget-container\">\n\t\t\t\t\t\t\t\t\t<p><a href=\"https:\/\/www.reduc.edu.cu\/cemtur\/wp-content\/uploads\/sites\/14\/2019\/11\/APKcocinacamag\u00fceyIvetteCCCamg.pdf\">La cocina camag\u00fceyana como atractivo tur\u00edstico. Una aplicaci\u00f3n para m\u00f3viles.<\/a><\/p><p><a href=\"https:\/\/www.reduc.edu.cu\/cemtur\/wp-content\/uploads\/sites\/14\/2019\/11\/apk-cocteleria-camGermanCCCamag.pdf\">APLICACI\u00d3N PARA M\u00d3VIL \u201cCOCTELER\u00cdA CAMAG\u00dcEYANA\u201d<\/a><\/p><p><a href=\"https:\/\/www.reduc.edu.cu\/cemtur\/wp-content\/uploads\/sites\/14\/2019\/11\/IndiceAccesibilidDayanisUnivMatanzas.pdf\">\u00cdndice de Accesibilidad de Restaurantes bajo el concepto de Turismo Accesible. Caso de estudio: Grupo Extrahotelero Palmares S.A.<\/a><\/p><p><a href=\"https:\/\/www.reduc.edu.cu\/cemtur\/wp-content\/uploads\/sites\/14\/2019\/11\/KurhotelEscambrayRosnielTrinidad.pdf\">Dise\u00f1o del sistema de gesti\u00f3n del proceso de alimentos y bebidas en el Kurhotel \u00a8Escambray\u00a8<\/a><\/p><p><a href=\"https:\/\/www.reduc.edu.cu\/cemtur\/wp-content\/uploads\/sites\/14\/2019\/11\/Platos-t\u00edpicos-Camaguey-Arisel-CCCamag.pdf\">Identificaci\u00f3n de platos t\u00edpicos camag\u00fceyanos<\/a><\/p>\t\t\t\t\t\t\t\t<\/div>\n\t\t\t\t<\/div>\n\t\t\t\t\t<\/div>\n\t\t<\/div>\n\t\t\t\t<div class=\"elementor-column elementor-col-20 elementor-top-column elementor-element elementor-element-aeb7364\" data-id=\"aeb7364\" data-element_type=\"column\" data-e-type=\"column\">\n\t\t\t<div class=\"elementor-widget-wrap elementor-element-populated\">\n\t\t\t\t\t\t<div class=\"elementor-element elementor-element-d9765e9 elementor-widget elementor-widget-text-editor\" data-id=\"d9765e9\" data-element_type=\"widget\" data-e-type=\"widget\" data-widget_type=\"text-editor.default\">\n\t\t\t\t<div class=\"elementor-widget-container\">\n\t\t\t\t\t\t\t\t\t<p><strong>Competencias<\/strong><\/p>\t\t\t\t\t\t\t\t<\/div>\n\t\t\t\t<\/div>\n\t\t\t\t<div class=\"elementor-element elementor-element-44b0961 elementor-widget elementor-widget-text-editor\" data-id=\"44b0961\" data-element_type=\"widget\" data-e-type=\"widget\" data-widget_type=\"text-editor.default\">\n\t\t\t\t<div class=\"elementor-widget-container\">\n\t\t\t\t\t\t\t\t\t<p><a href=\"https:\/\/www.reduc.edu.cu\/cemtur\/wp-content\/uploads\/sites\/14\/2019\/12\/Ethel-formatur.pdf\">Las competencias socioemocionales y su aplicabilidad en la Gesti\u00f3n de la Calidad del desempe\u00f1o en el sector del Turismo.<\/a><\/p><p><a href=\"https:\/\/www.reduc.edu.cu\/cemtur\/wp-content\/uploads\/sites\/14\/2019\/11\/CertifcompetKHEscambrYanelisTrinidad.pdf\">Procedimiento para la identificaci\u00f3n, validaci\u00f3n y certificaci\u00f3n de las competencias directivas en la direcci\u00f3n hotelera del Kurhotel \u201cEscambray\u201d.<\/a><\/p><p><a href=\"https:\/\/www.reduc.edu.cu\/cemtur\/wp-content\/uploads\/sites\/14\/2019\/11\/Perfil-Community-Manager-ICervantesCC-Camag.pdf\">COMMUNITY MANAGER O GESTOR DE REDES SOCIALES. PERFIL DEL CARGO POR COMPETENCIAS PARA ENTIDADES TUR\u00cdSTICAS.<\/a><\/p>\t\t\t\t\t\t\t\t<\/div>\n\t\t\t\t<\/div>\n\t\t\t\t\t<\/div>\n\t\t<\/div>\n\t\t\t\t<div class=\"elementor-column elementor-col-20 elementor-top-column elementor-element elementor-element-db6bfe9\" data-id=\"db6bfe9\" data-element_type=\"column\" data-e-type=\"column\">\n\t\t\t<div class=\"elementor-widget-wrap elementor-element-populated\">\n\t\t\t\t\t\t<div class=\"elementor-element elementor-element-fc4158d elementor-widget elementor-widget-text-editor\" data-id=\"fc4158d\" data-element_type=\"widget\" data-e-type=\"widget\" data-widget_type=\"text-editor.default\">\n\t\t\t\t<div class=\"elementor-widget-container\">\n\t\t\t\t\t\t\t\t\t<p><strong>Herramientas de Gesti\u00f3n<br \/><\/strong><\/p>\t\t\t\t\t\t\t\t<\/div>\n\t\t\t\t<\/div>\n\t\t\t\t<div class=\"elementor-element elementor-element-a4fdc07 elementor-widget elementor-widget-text-editor\" data-id=\"a4fdc07\" data-element_type=\"widget\" data-e-type=\"widget\" data-widget_type=\"text-editor.default\">\n\t\t\t\t<div class=\"elementor-widget-container\">\n\t\t\t\t\t\t\t\t\t<p><a href=\"https:\/\/www.reduc.edu.cu\/cemtur\/wp-content\/uploads\/sites\/14\/2019\/11\/Dise\u00f1o-turistico-ecosistemas-fragilesCEMTUR.pdf\">Dise\u00f1o turistico ecosistemas fragiles CEMTUR<\/a><\/p><p><a href=\"https:\/\/www.reduc.edu.cu\/cemtur\/wp-content\/uploads\/sites\/14\/2019\/11\/RRSShoteler\u00edaMaribelCCCamag.pdf\">RRSS hoteler\u00eda<\/a><\/p><p><a href=\"https:\/\/www.reduc.edu.cu\/cemtur\/wp-content\/uploads\/sites\/14\/2019\/11\/EstrategComunicacYuli\u00e9nCCCamag.pdf\">Estrategias de Comunicaci\u00f3n<\/a><\/p><p><a href=\"https:\/\/www.reduc.edu.cu\/cemtur\/wp-content\/uploads\/sites\/14\/2019\/11\/Proced-Implem-ISO-Eduardo-CCCamag.pdf\">Procedimientos Implementaci\u00f3n ISO<\/a><\/p><p><a href=\"https:\/\/www.reduc.edu.cu\/cemtur\/wp-content\/uploads\/sites\/14\/2019\/11\/MKdigitalHotelesERubinosUnivCamag.pdf\">Marketing digital Hoteles E<\/a><\/p><p><a href=\"https:\/\/www.reduc.edu.cu\/cemtur\/wp-content\/uploads\/sites\/14\/2019\/11\/ControlInternoAmaliaCCCamaguey.pdf\">Control Interno<\/a><\/p><p><a href=\"https:\/\/www.reduc.edu.cu\/cemtur\/wp-content\/uploads\/sites\/14\/2019\/11\/Costos-ABCCadillacDaniaCCTunas.pdf\">Costos ABC Hotel Cadillac<\/a><\/p><p><a href=\"https:\/\/www.reduc.edu.cu\/cemtur\/wp-content\/uploads\/sites\/14\/2019\/11\/TecnogestionriesgosAlmaguerCCHolguin.pdf\">Tecnolog\u00eda para la gesti\u00f3n de riesgos empresariales<\/a><\/p><p><a href=\"https:\/\/www.reduc.edu.cu\/cemtur\/wp-content\/uploads\/sites\/14\/2019\/11\/HerramientmedirsatisfOdalysCCHabana.pdf\">Herramienta para medir la Satisfacci\u00f3n de los clientes<\/a><\/p>\t\t\t\t\t\t\t\t<\/div>\n\t\t\t\t<\/div>\n\t\t\t\t\t<\/div>\n\t\t<\/div>\n\t\t\t\t<div class=\"elementor-column elementor-col-20 elementor-top-column elementor-element elementor-element-4e25bea\" data-id=\"4e25bea\" data-element_type=\"column\" data-e-type=\"column\">\n\t\t\t<div class=\"elementor-widget-wrap elementor-element-populated\">\n\t\t\t\t\t\t<div class=\"elementor-element elementor-element-3347ecf elementor-widget elementor-widget-text-editor\" data-id=\"3347ecf\" data-element_type=\"widget\" data-e-type=\"widget\" data-widget_type=\"text-editor.default\">\n\t\t\t\t<div class=\"elementor-widget-container\">\n\t\t\t\t\t\t\t\t\t<p><strong>Hoteler\u00eda<\/strong><\/p>\t\t\t\t\t\t\t\t<\/div>\n\t\t\t\t<\/div>\n\t\t\t\t<div class=\"elementor-element elementor-element-4dd1ea6 elementor-widget elementor-widget-text-editor\" data-id=\"4dd1ea6\" data-element_type=\"widget\" data-e-type=\"widget\" data-widget_type=\"text-editor.default\">\n\t\t\t\t<div class=\"elementor-widget-container\">\n\t\t\t\t\t\t\t\t\t<p><a href=\"https:\/\/www.reduc.edu.cu\/cemtur\/wp-content\/uploads\/sites\/14\/2019\/11\/MedioAmbHArenalKatiuskaCCHabana.pdf\">Propuesta de gesti\u00f3n medio ambiental para el Hotel Arenal<\/a><\/p><p><a href=\"https:\/\/www.reduc.edu.cu\/cemtur\/wp-content\/uploads\/sites\/14\/2019\/11\/EficienciahotelClarisabelCCHabana.pdf\">Acciones para la mejora continua de los indicadores e \u00edndices de eficiencia en el Complejo Hotelero Trinidad Ciudad<\/a><\/p><p><a href=\"https:\/\/www.reduc.edu.cu\/cemtur\/wp-content\/uploads\/sites\/14\/2019\/11\/Decorac-c-arreglos-YenZoila-CCCamag.pdf\">Decoraci\u00f3n de habitaciones en los Hoteles Islazul<\/a><\/p><p><a href=\"https:\/\/www.reduc.edu.cu\/cemtur\/wp-content\/uploads\/sites\/14\/2019\/12\/Trabajo-Alojamiento-Sector-Privado.docx\">El\u00a0 alojamiento tur\u00edstico en\u00a0 casas de rentas\u00a0 en la ciudad de Camag\u00fcey.<\/a><\/p>\t\t\t\t\t\t\t\t<\/div>\n\t\t\t\t<\/div>\n\t\t\t\t\t<\/div>\n\t\t<\/div>\n\t\t\t\t<div class=\"elementor-column elementor-col-20 elementor-top-column elementor-element elementor-element-a7b7760\" data-id=\"a7b7760\" data-element_type=\"column\" data-e-type=\"column\">\n\t\t\t<div class=\"elementor-widget-wrap elementor-element-populated\">\n\t\t\t\t\t\t<div class=\"elementor-element elementor-element-069fa30 elementor-widget elementor-widget-text-editor\" data-id=\"069fa30\" data-element_type=\"widget\" data-e-type=\"widget\" data-widget_type=\"text-editor.default\">\n\t\t\t\t<div class=\"elementor-widget-container\">\n\t\t\t\t\t\t\t\t\t<p><strong>Productos y Destinos Tur\u00edsticos<\/strong><\/p>\t\t\t\t\t\t\t\t<\/div>\n\t\t\t\t<\/div>\n\t\t\t\t<div class=\"elementor-element elementor-element-4f9142c elementor-widget elementor-widget-text-editor\" data-id=\"4f9142c\" data-element_type=\"widget\" data-e-type=\"widget\" data-widget_type=\"text-editor.default\">\n\t\t\t\t<div class=\"elementor-widget-container\">\n\t\t\t\t\t\t\t\t\t<p><a href=\"https:\/\/www.reduc.edu.cu\/cemtur\/wp-content\/uploads\/sites\/14\/2019\/11\/Turismo-de-Evento-UnivCamag.pdf\">Turismo de Evento<\/a><\/p><p><a href=\"https:\/\/www.reduc.edu.cu\/cemtur\/wp-content\/uploads\/sites\/14\/2019\/11\/CayoParedonYeimyInmoturCiego.pdf\">Cayo Paredon<\/a><\/p><p><a href=\"https:\/\/www.reduc.edu.cu\/cemtur\/wp-content\/uploads\/sites\/14\/2019\/11\/CrucerosNuevitasRubinosUnivCamag.pdf\">Cruceros Nuevitas<\/a><\/p><p><a href=\"https:\/\/www.reduc.edu.cu\/cemtur\/wp-content\/uploads\/sites\/14\/2019\/11\/Animaci\u00f3n-BodegonAmanciaCCCamaguey.pdf\">Animaci\u00f3n Bodegon<\/a><\/p><p><a href=\"https:\/\/www.reduc.edu.cu\/cemtur\/wp-content\/uploads\/sites\/14\/2019\/11\/IdentidadVisualCubaIvetteCCStgo.pdf\">Identidad Visual Cuba<\/a><\/p><p><a href=\"https:\/\/www.reduc.edu.cu\/cemtur\/wp-content\/uploads\/sites\/14\/2019\/11\/ValleStaRosaMnovoaCCStSpiritus.pdf\">Valle Sta Rosa<\/a><\/p><p><a href=\"https:\/\/www.reduc.edu.cu\/cemtur\/wp-content\/uploads\/sites\/14\/2019\/11\/Ranch\u00f3nAnc\u00f3nIdanelysCCStSpiritus.pdf\">Ranch\u00f3n Anc\u00f3n<\/a><\/p><p><a href=\"https:\/\/www.reduc.edu.cu\/cemtur\/wp-content\/uploads\/sites\/14\/2019\/11\/DesarrCayoDamasYisaidaCCStgo.pdf\">Desarrollo Cayo Damas<\/a><\/p><p><a href=\"https:\/\/www.reduc.edu.cu\/cemtur\/wp-content\/uploads\/sites\/14\/2019\/11\/DesarrolloLocalGuam\u00e1AliciaCCStgo.pdf\">Desarrollo Local Guam\u00e1<\/a><\/p><p><a href=\"https:\/\/www.reduc.edu.cu\/cemtur\/wp-content\/uploads\/sites\/14\/2019\/11\/TurismoCruceroYasennyCCLas-Tunas.pdf\">Turismo Crucero<\/a><\/p><p><a href=\"https:\/\/www.reduc.edu.cu\/cemtur\/wp-content\/uploads\/sites\/14\/2019\/11\/LimitaccompetitivAniaCCHabana.pdf\">Limitaciones competitividad<\/a><\/p>\t\t\t\t\t\t\t\t<\/div>\n\t\t\t\t<\/div>\n\t\t\t\t\t<\/div>\n\t\t<\/div>\n\t\t\t\t\t<\/div>\n\t\t<\/section>\n\t\t\t\t<section class=\"elementor-section elementor-top-section elementor-element elementor-element-8109e7e elementor-section-boxed elementor-section-height-default elementor-section-height-default\" data-id=\"8109e7e\" data-element_type=\"section\" data-e-type=\"section\">\n\t\t\t\t\t\t<div class=\"elementor-container elementor-column-gap-default\">\n\t\t\t\t\t<div class=\"elementor-column elementor-col-100 elementor-top-column elementor-element elementor-element-9198c75\" data-id=\"9198c75\" data-element_type=\"column\" data-e-type=\"column\">\n\t\t\t<div class=\"elementor-widget-wrap elementor-element-populated\">\n\t\t\t\t\t\t<div class=\"elementor-element elementor-element-ad17a9e elementor-widget elementor-widget-html\" data-id=\"ad17a9e\" data-element_type=\"widget\" data-e-type=\"widget\" data-widget_type=\"html.default\">\n\t\t\t\t<div class=\"elementor-widget-container\">\n\t\t\t\t\t\n\n<a href=\"http:\/\/competitividad.foroactivo.com\/t2-competitividad-turistica\" class=\"btn btn-success\">Te invitamos a que entres en nuestro Foro Debate y poder comunicarnos con usted.<\/a>\t\t\t\t<\/div>\n\t\t\t\t<\/div>\n\t\t\t\t\t<\/div>\n\t\t<\/div>\n\t\t\t\t\t<\/div>\n\t\t<\/section>\n\t\t\t\t<\/div>\n\t\t","protected":false},"excerpt":{"rendered":"<p>Alimentos y Bebidas La cocina camag\u00fceyana como atractivo tur\u00edstico. Una aplicaci\u00f3n para m\u00f3viles. APLICACI\u00d3N PARA M\u00d3VIL \u201cCOCTELER\u00cdA CAMAG\u00dcEYANA\u201d \u00cdndice de Accesibilidad de Restaurantes bajo el concepto de Turismo Accesible. Caso de estudio: Grupo Extrahotelero Palmares S.A. Dise\u00f1o del sistema de gesti\u00f3n del proceso de alimentos y bebidas en el Kurhotel \u00a8Escambray\u00a8 Identificaci\u00f3n de platos t\u00edpicos [&hellip;]<\/p>\n","protected":false},"author":19,"featured_media":0,"parent":0,"menu_order":0,"comment_status":"open","ping_status":"closed","template":"template\/template-page-full-width.php","meta":{"footnotes":""},"class_list":["post-968","page","type-page","status-publish","hentry"],"_links":{"self":[{"href":"https:\/\/www.reduc.edu.cu\/cemtur\/wp-json\/wp\/v2\/pages\/968","targetHints":{"allow":["GET"]}}],"collection":[{"href":"https:\/\/www.reduc.edu.cu\/cemtur\/wp-json\/wp\/v2\/pages"}],"about":[{"href":"https:\/\/www.reduc.edu.cu\/cemtur\/wp-json\/wp\/v2\/types\/page"}],"author":[{"embeddable":true,"href":"https:\/\/www.reduc.edu.cu\/cemtur\/wp-json\/wp\/v2\/users\/19"}],"replies":[{"embeddable":true,"href":"https:\/\/www.reduc.edu.cu\/cemtur\/wp-json\/wp\/v2\/comments?post=968"}],"version-history":[{"count":19,"href":"https:\/\/www.reduc.edu.cu\/cemtur\/wp-json\/wp\/v2\/pages\/968\/revisions"}],"predecessor-version":[{"id":1110,"href":"https:\/\/www.reduc.edu.cu\/cemtur\/wp-json\/wp\/v2\/pages\/968\/revisions\/1110"}],"wp:attachment":[{"href":"https:\/\/www.reduc.edu.cu\/cemtur\/wp-json\/wp\/v2\/media?parent=968"}],"curies":[{"name":"wp","href":"https:\/\/api.w.org\/{rel}","templated":true}]}}